{"id":10370,"date":"2025-08-31T14:11:59","date_gmt":"2025-08-31T18:11:59","guid":{"rendered":"https:\/\/miransol.ca\/?page_id=10370"},"modified":"2025-10-07T08:13:03","modified_gmt":"2025-10-07T12:13:03","slug":"fonds-robert-rioux","status":"publish","type":"page","link":"https:\/\/miransol.ca\/en\/fonds-robert-rioux","title":{"rendered":"Fonds Robert-Rioux"},"content":{"rendered":"<div data-elementor-type=\"wp-page\" data-elementor-id=\"10370\" class=\"elementor elementor-10370\" data-elementor-post-type=\"page\">\n\t\t\t\t\t\t<section class=\"elementor-section elementor-top-section elementor-element elementor-element-f192fa1 elementor-section-boxed elementor-section-height-default elementor-section-height-default\" data-id=\"f192fa1\" data-element_type=\"section\" data-e-type=\"section\" data-settings=\"{&quot;background_background&quot;:&quot;classic&quot;}\">\n\t\t\t\t\t\t\t<div class=\"elementor-background-overlay\"><\/div>\n\t\t\t\t\t\t\t<div class=\"elementor-container elementor-column-gap-default\">\n\t\t\t\t\t<div class=\"elementor-column elementor-col-100 elementor-top-column elementor-element elementor-element-f28aed2\" data-id=\"f28aed2\" data-element_type=\"column\" data-e-type=\"column\" data-settings=\"{&quot;background_background&quot;:&quot;classic&quot;}\">\n\t\t\t<div class=\"elementor-widget-wrap elementor-element-populated\">\n\t\t\t\t\t<div class=\"elementor-background-overlay\"><\/div>\n\t\t\t\t\t\t<section class=\"elementor-section elementor-inner-section elementor-element elementor-element-75631db elementor-section-boxed elementor-section-height-default elementor-section-height-default\" data-id=\"75631db\" data-element_type=\"section\" data-e-type=\"section\" data-settings=\"{&quot;background_background&quot;:&quot;classic&quot;}\">\n\t\t\t\t\t\t<div class=\"elementor-container elementor-column-gap-wider\">\n\t\t\t\t\t<div class=\"elementor-column elementor-col-100 elementor-inner-column elementor-element elementor-element-d8e78bc\" data-id=\"d8e78bc\" data-element_type=\"column\" data-e-type=\"column\">\n\t\t\t<div class=\"elementor-widget-wrap elementor-element-populated\">\n\t\t\t\t\t\t<div class=\"elementor-element elementor-element-98d6467 elementor-widget elementor-widget-spacer\" data-id=\"98d6467\" data-element_type=\"widget\" data-e-type=\"widget\" data-widget_type=\"spacer.default\">\n\t\t\t\t<div class=\"elementor-widget-container\">\n\t\t\t\t\t\t\t<div class=\"elementor-spacer\">\n\t\t\t<div class=\"elementor-spacer-inner\"><\/div>\n\t\t<\/div>\n\t\t\t\t\t\t<\/div>\n\t\t\t\t<\/div>\n\t\t\t\t<div class=\"elementor-element elementor-element-5db88fc elementor-widget elementor-widget-spacer\" data-id=\"5db88fc\" data-element_type=\"widget\" data-e-type=\"widget\" data-widget_type=\"spacer.default\">\n\t\t\t\t<div class=\"elementor-widget-container\">\n\t\t\t\t\t\t\t<div class=\"elementor-spacer\">\n\t\t\t<div class=\"elementor-spacer-inner\"><\/div>\n\t\t<\/div>\n\t\t\t\t\t\t<\/div>\n\t\t\t\t<\/div>\n\t\t\t\t<div class=\"elementor-element elementor-element-420c7c1 elementor-widget elementor-widget-heading\" data-id=\"420c7c1\" data-element_type=\"widget\" data-e-type=\"widget\" data-widget_type=\"heading.default\">\n\t\t\t\t<div class=\"elementor-widget-container\">\n\t\t\t\t\t<h2 class=\"elementor-heading-title elementor-size-default\">Fonds Robert-Rioux<\/h2>\t\t\t\t<\/div>\n\t\t\t\t<\/div>\n\t\t\t\t<div class=\"elementor-element elementor-element-89bce62 elementor-widget elementor-widget-text-editor\" data-id=\"89bce62\" data-element_type=\"widget\" data-e-type=\"widget\" data-widget_type=\"text-editor.default\">\n\t\t\t\t<div class=\"elementor-widget-container\">\n\t\t\t\t\t\t\t\t\t<p>Outil formidable pour assurer le financement \u00e0 long terme de l\u2019\u00c9cole de musique Miransol, le Fonds Robert-Rioux est un fonds de placement :<\/p><p style=\"font-size: 18px; font-style: normal; font-weight: 400;\"><span style=\"font-size: 18px; font-style: normal;\">\u2022<\/span><span style=\"font-size: 18px; font-style: normal;\">\u00a0<\/span><span style=\"font-size: 18px; font-style: normal;\">\u00a0Dont le b\u00e9n\u00e9ficiaire est l\u2019\u00c9cole de musique Miransol;<\/span><\/p><p style=\"font-size: 18px; font-style: normal; font-weight: 400;\">\u2022 Cr\u00e9\u00e9 \u00e0 la fin de l\u2019ann\u00e9e 2012 en concertation avec l\u2019\u00c9cole et Robert Rioux lui-m\u00eame;<br \/>\u2022 Confi\u00e9 \u00e0 la Fondation communautaire\u00a0<span style=\"font-size: 18px; font-style: normal; font-weight: 400;\">Bas-Saint-Laurent-Gasp\u00e9sie-Les-\u00celes<\/span>\u00a0qui en assure la gestion comptable;<br \/>\u2022 Dont le capital est aliment\u00e9 par vous, c\u2019est-\u00e0-dire toute personne (particulier, soci\u00e9t\u00e9, entreprise, institution ou autres) qui veut aider au d\u00e9veloppement de l\u2019\u00c9cole Miransol et en assurer l\u2019avenir.<\/p><p style=\"font-size: 18px; font-style: normal; font-weight: 400;\">Les contributions faites au Fonds Robert-Rioux forment un capital dont les int\u00e9r\u00eats sont annuellement vers\u00e9s \u00e0 l\u2019\u00c9cole Miransol : plus ce capital monte, meilleurs sont les int\u00e9r\u00eats annuels vers\u00e9s \u00e0 l\u2019\u00c9cole.<\/p><p style=\"font-size: 18px; font-style: normal; font-weight: 400;\">Pour faire un don, consultez le site de la <a href=\"https:\/\/www.jedonneenligne.org\/fcgi\/FONDDOT\/?FpsUID1=66\">Fondation communautaire Bas-Saint-Laurent-Gasp\u00e9sie-Les-\u00celes<\/a>.<\/p>\t\t\t\t\t\t\t\t<\/div>\n\t\t\t\t<\/div>\n\t\t\t\t\t<\/div>\n\t\t<\/div>\n\t\t\t\t\t<\/div>\n\t\t<\/section>\n\t\t\t\t\t<\/div>\n\t\t<\/div>\n\t\t\t\t\t<\/div>\n\t\t<\/section>\n\t\t\t\t<section class=\"elementor-section elementor-top-section elementor-element elementor-element-2c016ed elementor-section-boxed elementor-section-height-default elementor-section-height-default\" data-id=\"2c016ed\" data-element_type=\"section\" data-e-type=\"section\">\n\t\t\t\t\t\t<div class=\"elementor-container elementor-column-gap-default\">\n\t\t\t\t\t<div class=\"elementor-column elementor-col-100 elementor-top-column elementor-element elementor-element-1fd4a91\" data-id=\"1fd4a91\" data-element_type=\"column\" data-e-type=\"column\">\n\t\t\t<div class=\"elementor-widget-wrap\">\n\t\t\t\t\t\t\t<\/div>\n\t\t<\/div>\n\t\t\t\t\t<\/div>\n\t\t<\/section>\n\t\t\t\t<\/div>","protected":false},"excerpt":{"rendered":"<p>Fonds Robert-Rioux Outil formidable pour assurer le financement \u00e0 long terme de l\u2019\u00c9cole de musique Miransol, le Fonds Robert-Rioux est un fonds de placement : \u2022\u00a0\u00a0Dont le b\u00e9n\u00e9ficiaire est l\u2019\u00c9cole de musique Miransol; \u2022 Cr\u00e9\u00e9 \u00e0 la fin de l\u2019ann\u00e9e 2012 en concertation avec l\u2019\u00c9cole et Robert Rioux lui-m\u00eame;\u2022 Confi\u00e9 \u00e0 la Fondation communautaire\u00a0Bas-Saint-Laurent-Gasp\u00e9sie-Les-\u00celes\u00a0qui en [&hellip;]<\/p>\n","protected":false},"author":4,"featured_media":0,"parent":0,"menu_order":0,"comment_status":"closed","ping_status":"closed","template":"","meta":{"_acf_changed":false,"_seopress_robots_primary_cat":"","_seopress_titles_title":"","_seopress_titles_desc":"","_seopress_robots_index":"","site-sidebar-layout":"no-sidebar","site-content-layout":"page-builder","ast-site-content-layout":"full-width-container","site-content-style":"default","site-sidebar-style":"default","ast-global-header-display":"","ast-banner-title-visibility":"","ast-main-header-display":"","ast-hfb-above-header-display":"","ast-hfb-below-header-display":"","ast-hfb-mobile-header-display":"","site-post-title":"","ast-breadcrumbs-content":"","ast-featured-img":"disabled","footer-sml-layout":"","ast-disable-related-posts":"","theme-transparent-header-meta":"","adv-header-id-meta":"","stick-header-meta":"","header-above-stick-meta":"","header-main-stick-meta":"","header-below-stick-meta":"","astra-migrate-meta-layouts":"set","ast-page-background-enabled":"default","ast-page-background-meta":{"desktop":{"background-color":"","background-image":"","background-repeat":"repeat","background-position":"center center","background-size":"auto","background-attachment":"scroll","background-type":"","background-media":"","overlay-type":"","overlay-color":"","overlay-opacity":"","overlay-gradient":""},"tablet":{"background-color":"","background-image":"","background-repeat":"repeat","background-position":"center center","background-size":"auto","background-attachment":"scroll","background-type":"","background-media":"","overlay-type":"","overlay-color":"","overlay-opacity":"","overlay-gradient":""},"mobile":{"background-color":"","background-image":"","background-repeat":"repeat","background-position":"center center","background-size":"auto","background-attachment":"scroll","background-type":"","background-media":"","overlay-type":"","overlay-color":"","overlay-opacity":"","overlay-gradient":""}},"ast-content-background-meta":{"desktop":{"background-color":"var(--ast-global-color-5)","background-image":"","background-repeat":"repeat","background-position":"center center","background-size":"auto","background-attachment":"scroll","background-type":"","background-media":"","overlay-type":"","overlay-color":"","overlay-opacity":"","overlay-gradient":""},"tablet":{"background-color":"var(--ast-global-color-5)","background-image":"","background-repeat":"repeat","background-position":"center center","background-size":"auto","background-attachment":"scroll","background-type":"","background-media":"","overlay-type":"","overlay-color":"","overlay-opacity":"","overlay-gradient":""},"mobile":{"background-color":"var(--ast-global-color-5)","background-image":"","background-repeat":"repeat","background-position":"center center","background-size":"auto","background-attachment":"scroll","background-type":"","background-media":"","overlay-type":"","overlay-color":"","overlay-opacity":"","overlay-gradient":""}},"footnotes":""},"class_list":["post-10370","page","type-page","status-publish","hentry"],"acf":[],"_links":{"self":[{"href":"https:\/\/miransol.ca\/en\/wp-json\/wp\/v2\/pages\/10370","targetHints":{"allow":["GET"]}}],"collection":[{"href":"https:\/\/miransol.ca\/en\/wp-json\/wp\/v2\/pages"}],"about":[{"href":"https:\/\/miransol.ca\/en\/wp-json\/wp\/v2\/types\/page"}],"author":[{"embeddable":true,"href":"https:\/\/miransol.ca\/en\/wp-json\/wp\/v2\/users\/4"}],"replies":[{"embeddable":true,"href":"https:\/\/miransol.ca\/en\/wp-json\/wp\/v2\/comments?post=10370"}],"version-history":[{"count":0,"href":"https:\/\/miransol.ca\/en\/wp-json\/wp\/v2\/pages\/10370\/revisions"}],"wp:attachment":[{"href":"https:\/\/miransol.ca\/en\/wp-json\/wp\/v2\/media?parent=10370"}],"curies":[{"name":"wp","href":"https:\/\/api.w.org\/{rel}","templated":true}]}}