{"id":10616,"date":"2025-09-29T12:58:57","date_gmt":"2025-09-29T16:58:57","guid":{"rendered":"https:\/\/miransol.ca\/?page_id=10616"},"modified":"2025-09-29T13:13:08","modified_gmt":"2025-09-29T17:13:08","slug":"elementor-page-10616","status":"publish","type":"page","link":"https:\/\/miransol.ca\/en\/elementor-page-10616","title":{"rendered":"Elementor Page #10616"},"content":{"rendered":"<div data-elementor-type=\"wp-page\" data-elementor-id=\"10616\" class=\"elementor elementor-10616\" data-elementor-post-type=\"page\">\n\t\t\t\t\t\t<section class=\"elementor-section elementor-top-section elementor-element elementor-element-b43827f elementor-section-boxed elementor-section-height-default elementor-section-height-default\" data-id=\"b43827f\" data-element_type=\"section\" data-e-type=\"section\" data-settings=\"{&quot;background_background&quot;:&quot;classic&quot;}\">\n\t\t\t\t\t\t<div class=\"elementor-container elementor-column-gap-default\">\n\t\t\t\t\t<div class=\"elementor-column elementor-col-100 elementor-top-column elementor-element elementor-element-4266f99\" data-id=\"4266f99\" data-element_type=\"column\" data-e-type=\"column\">\n\t\t\t<div class=\"elementor-widget-wrap elementor-element-populated\">\n\t\t\t\t\t\t<div class=\"elementor-element elementor-element-9e240b9 elementor-widget elementor-widget-spacer\" data-id=\"9e240b9\" data-element_type=\"widget\" data-e-type=\"widget\" data-widget_type=\"spacer.default\">\n\t\t\t\t<div class=\"elementor-widget-container\">\n\t\t\t\t\t\t\t<div class=\"elementor-spacer\">\n\t\t\t<div class=\"elementor-spacer-inner\"><\/div>\n\t\t<\/div>\n\t\t\t\t\t\t<\/div>\n\t\t\t\t<\/div>\n\t\t\t\t<div class=\"elementor-element elementor-element-7912b81 elementor-widget elementor-widget-spacer\" data-id=\"7912b81\" data-element_type=\"widget\" data-e-type=\"widget\" data-widget_type=\"spacer.default\">\n\t\t\t\t<div class=\"elementor-widget-container\">\n\t\t\t\t\t\t\t<div class=\"elementor-spacer\">\n\t\t\t<div class=\"elementor-spacer-inner\"><\/div>\n\t\t<\/div>\n\t\t\t\t\t\t<\/div>\n\t\t\t\t<\/div>\n\t\t\t\t<section class=\"elementor-section elementor-inner-section elementor-element elementor-element-ce108c5 elementor-section-boxed elementor-section-height-default elementor-section-height-default\" data-id=\"ce108c5\" data-element_type=\"section\" data-e-type=\"section\">\n\t\t\t\t\t\t<div class=\"elementor-container elementor-column-gap-default\">\n\t\t\t\t\t<div class=\"elementor-column elementor-col-50 elementor-inner-column elementor-element elementor-element-c5f27fc\" data-id=\"c5f27fc\" data-element_type=\"column\" data-e-type=\"column\">\n\t\t\t<div class=\"elementor-widget-wrap elementor-element-populated\">\n\t\t\t\t\t\t<div class=\"elementor-element elementor-element-1068e66 elementor-widget elementor-widget-image\" data-id=\"1068e66\" data-element_type=\"widget\" data-e-type=\"widget\" data-widget_type=\"image.default\">\n\t\t\t\t<div class=\"elementor-widget-container\">\n\t\t\t\t\t\t\t\t\t\t\t\t\t\t\t<img fetchpriority=\"high\" decoding=\"async\" width=\"958\" height=\"959\" src=\"https:\/\/miransol.ca\/wp-content\/uploads\/Photo_Seth-Dempsey-1.png\" class=\"attachment-large size-large wp-image-10607\" alt=\"\" srcset=\"https:\/\/miransol.ca\/wp-content\/uploads\/Photo_Seth-Dempsey-1.png 958w, https:\/\/miransol.ca\/wp-content\/uploads\/Photo_Seth-Dempsey-1-300x300.png 300w, https:\/\/miransol.ca\/wp-content\/uploads\/Photo_Seth-Dempsey-1-150x150.png 150w, https:\/\/miransol.ca\/wp-content\/uploads\/Photo_Seth-Dempsey-1-768x769.png 768w\" sizes=\"(max-width: 958px) 100vw, 958px\" \/>\t\t\t\t\t\t\t\t\t\t\t\t\t\t\t<\/div>\n\t\t\t\t<\/div>\n\t\t\t\t<div class=\"elementor-element elementor-element-1a9966c elementor-widget elementor-widget-heading\" data-id=\"1a9966c\" data-element_type=\"widget\" data-e-type=\"widget\" data-widget_type=\"heading.default\">\n\t\t\t\t<div class=\"elementor-widget-container\">\n\t\t\t\t\t<h3 class=\"elementor-heading-title elementor-size-medium\">Seth Dempsey<\/h3>\t\t\t\t<\/div>\n\t\t\t\t<\/div>\n\t\t\t\t<div class=\"elementor-element elementor-element-9bdf194 elementor-widget elementor-widget-heading\" data-id=\"9bdf194\" data-element_type=\"widget\" data-e-type=\"widget\" data-widget_type=\"heading.default\">\n\t\t\t\t<div class=\"elementor-widget-container\">\n\t\t\t\t\t<div class=\"elementor-heading-title elementor-size-default\">Luth \/ th\u00e9orie musicale \/ guitare classique<br>(virtuel et pr\u00e9sentiel)<\/div>\t\t\t\t<\/div>\n\t\t\t\t<\/div>\n\t\t\t\t\t<\/div>\n\t\t<\/div>\n\t\t\t\t<div class=\"elementor-column elementor-col-50 elementor-inner-column elementor-element elementor-element-85abbd6\" data-id=\"85abbd6\" data-element_type=\"column\" data-e-type=\"column\">\n\t\t\t<div class=\"elementor-widget-wrap elementor-element-populated\">\n\t\t\t\t\t\t<div class=\"elementor-element elementor-element-e640135 elementor-widget-tablet__width-initial elementor-widget elementor-widget-text-editor\" data-id=\"e640135\" data-element_type=\"widget\" data-e-type=\"widget\" data-widget_type=\"text-editor.default\">\n\t\t\t\t<div class=\"elementor-widget-container\">\n\t\t\t\t\t\t\t\t\t<p>Seth Dempsey, un artiste am\u00e9ricano-canadien qui se sp\u00e9cialise sur la musique\u00a0<span style=\"font-size: 18px;\">ancienne et qui perfectionne actuellement ses comp\u00e9tences \u00e0 l&amp;#39;Universit\u00e9 McGill\u00a0<\/span><span style=\"font-size: 18px;\">sous le mentorat du virtuose du luth Sylvain Bergeron. Seth apporte une riche\u00a0<\/span><span style=\"font-size: 18px;\">exp\u00e9rience dans l&rsquo;exploration acad\u00e9mique et la performance de sc\u00e8ne.<\/span><\/p><p>Ses principaux objectifs en tant qu&rsquo;enseignant sont d&rsquo;encourager l&rsquo;amour et la\u00a0<span style=\"font-size: 18px;\">compr\u00e9hension de la musique gr\u00e2ce \u00e0 un environnement d&rsquo;apprentissage qui met l&rsquo;<\/span><span style=\"font-size: 18px;\">accent sur l&rsquo;expression artistique et la cr\u00e9ativit\u00e9.<\/span><\/p><p>Avec un parcours enrichi par des ann\u00e9es de d\u00e9vouement, Seth a eu le privil\u00e8ge d&rsquo;<span style=\"font-size: 18px;\">\u00e9tudier avec des personnalit\u00e9s renomm\u00e9es de la guitare classique et du luth, dont\u00a0<\/span><span style=\"font-size: 18px;\">Nigel North, Andrew Zohn, Bryan Burns et Hopkinson Smith.\u00a0<\/span><\/p><p><span style=\"font-size: 18px;\">De plus, il a termin\u00e9\u00a0<\/span><span style=\"font-size: 18px;\">des \u00e9tudes de contrepoint et de th\u00e9orie musicale sous la direction de Kyle Adams et\u00a0<\/span><span style=\"font-size: 18px;\">Peter Schubert.<\/span><\/p>\t\t\t\t\t\t\t\t<\/div>\n\t\t\t\t<\/div>\n\t\t\t\t\t<\/div>\n\t\t<\/div>\n\t\t\t\t\t<\/div>\n\t\t<\/section>\n\t\t\t\t\t<\/div>\n\t\t<\/div>\n\t\t\t\t\t<\/div>\n\t\t<\/section>\n\t\t\t\t<\/div>","protected":false},"excerpt":{"rendered":"<p>Seth Dempsey Luth \/ th\u00e9orie musicale \/ guitare classique(virtuel et pr\u00e9sentiel) Seth Dempsey, un artiste am\u00e9ricano-canadien qui se sp\u00e9cialise sur la musique\u00a0ancienne et qui perfectionne actuellement ses comp\u00e9tences \u00e0 l&amp;#39;Universit\u00e9 McGill\u00a0sous le mentorat du virtuose du luth Sylvain Bergeron. Seth apporte une riche\u00a0exp\u00e9rience dans l&rsquo;exploration acad\u00e9mique et la performance de sc\u00e8ne. Ses principaux objectifs en [&hellip;]<\/p>\n","protected":false},"author":4,"featured_media":0,"parent":0,"menu_order":0,"comment_status":"closed","ping_status":"closed","template":"","meta":{"_acf_changed":false,"_seopress_robots_primary_cat":"","_seopress_titles_title":"","_seopress_titles_desc":"","_seopress_robots_index":"","site-sidebar-layout":"no-sidebar","site-content-layout":"page-builder","ast-site-content-layout":"full-width-container","site-content-style":"default","site-sidebar-style":"default","ast-global-header-display":"","ast-banner-title-visibility":"","ast-main-header-display":"","ast-hfb-above-header-display":"","ast-hfb-below-header-display":"","ast-hfb-mobile-header-display":"","site-post-title":"","ast-breadcrumbs-content":"","ast-featured-img":"disabled","footer-sml-layout":"","ast-disable-related-posts":"","theme-transparent-header-meta":"","adv-header-id-meta":"","stick-header-meta":"","header-above-stick-meta":"","header-main-stick-meta":"","header-below-stick-meta":"","astra-migrate-meta-layouts":"default","ast-page-background-enabled":"default","ast-page-background-meta":{"desktop":{"background-color":"","background-image":"","background-repeat":"repeat","background-position":"center center","background-size":"auto","background-attachment":"scroll","background-type":"","background-media":"","overlay-type":"","overlay-color":"","overlay-opacity":"","overlay-gradient":""},"tablet":{"background-color":"","background-image":"","background-repeat":"repeat","background-position":"center center","background-size":"auto","background-attachment":"scroll","background-type":"","background-media":"","overlay-type":"","overlay-color":"","overlay-opacity":"","overlay-gradient":""},"mobile":{"background-color":"","background-image":"","background-repeat":"repeat","background-position":"center center","background-size":"auto","background-attachment":"scroll","background-type":"","background-media":"","overlay-type":"","overlay-color":"","overlay-opacity":"","overlay-gradient":""}},"ast-content-background-meta":{"desktop":{"background-color":"var(--ast-global-color-5)","background-image":"","background-repeat":"repeat","background-position":"center center","background-size":"auto","background-attachment":"scroll","background-type":"","background-media":"","overlay-type":"","overlay-color":"","overlay-opacity":"","overlay-gradient":""},"tablet":{"background-color":"var(--ast-global-color-5)","background-image":"","background-repeat":"repeat","background-position":"center center","background-size":"auto","background-attachment":"scroll","background-type":"","background-media":"","overlay-type":"","overlay-color":"","overlay-opacity":"","overlay-gradient":""},"mobile":{"background-color":"var(--ast-global-color-5)","background-image":"","background-repeat":"repeat","background-position":"center center","background-size":"auto","background-attachment":"scroll","background-type":"","background-media":"","overlay-type":"","overlay-color":"","overlay-opacity":"","overlay-gradient":""}},"footnotes":""},"class_list":["post-10616","page","type-page","status-publish","hentry"],"acf":[],"_links":{"self":[{"href":"https:\/\/miransol.ca\/en\/wp-json\/wp\/v2\/pages\/10616","targetHints":{"allow":["GET"]}}],"collection":[{"href":"https:\/\/miransol.ca\/en\/wp-json\/wp\/v2\/pages"}],"about":[{"href":"https:\/\/miransol.ca\/en\/wp-json\/wp\/v2\/types\/page"}],"author":[{"embeddable":true,"href":"https:\/\/miransol.ca\/en\/wp-json\/wp\/v2\/users\/4"}],"replies":[{"embeddable":true,"href":"https:\/\/miransol.ca\/en\/wp-json\/wp\/v2\/comments?post=10616"}],"version-history":[{"count":0,"href":"https:\/\/miransol.ca\/en\/wp-json\/wp\/v2\/pages\/10616\/revisions"}],"wp:attachment":[{"href":"https:\/\/miransol.ca\/en\/wp-json\/wp\/v2\/media?parent=10616"}],"curies":[{"name":"wp","href":"https:\/\/api.w.org\/{rel}","templated":true}]}}