{"id":9631,"date":"2025-07-11T12:18:23","date_gmt":"2025-07-11T16:18:23","guid":{"rendered":"https:\/\/miransol.ca\/?page_id=9631"},"modified":"2025-07-11T12:19:46","modified_gmt":"2025-07-11T16:19:46","slug":"elementor-page-9631","status":"publish","type":"page","link":"https:\/\/miransol.ca\/en\/elementor-page-9631","title":{"rendered":"Elementor Page #9631"},"content":{"rendered":"<div data-elementor-type=\"wp-page\" data-elementor-id=\"9631\" class=\"elementor elementor-9631\" data-elementor-post-type=\"page\">\n\t\t\t\t\t\t<section class=\"elementor-section elementor-top-section elementor-element elementor-element-62734cc elementor-section-boxed elementor-section-height-default elementor-section-height-default\" data-id=\"62734cc\" data-element_type=\"section\" data-e-type=\"section\">\n\t\t\t\t\t\t<div class=\"elementor-container elementor-column-gap-default\">\n\t\t\t\t\t<div class=\"elementor-column elementor-col-100 elementor-top-column elementor-element elementor-element-a9b506c\" data-id=\"a9b506c\" data-element_type=\"column\" data-e-type=\"column\">\n\t\t\t<div class=\"elementor-widget-wrap elementor-element-populated\">\n\t\t\t\t\t\t<div class=\"elementor-element elementor-element-5c27084 elementor-widget elementor-widget-image\" data-id=\"5c27084\" data-element_type=\"widget\" data-e-type=\"widget\" data-widget_type=\"image.default\">\n\t\t\t\t<div class=\"elementor-widget-container\">\n\t\t\t\t\t\t\t\t\t\t\t\t\t\t\t<img fetchpriority=\"high\" decoding=\"async\" width=\"185\" height=\"300\" src=\"https:\/\/miransol.ca\/wp-content\/uploads\/Caroline-web-e1754531163456-185x300.jpg\" class=\"attachment-medium size-medium wp-image-8600\" alt=\"\" srcset=\"https:\/\/miransol.ca\/wp-content\/uploads\/Caroline-web-e1754531163456-185x300.jpg 185w, https:\/\/miransol.ca\/wp-content\/uploads\/Caroline-web-e1754531163456-632x1024.jpg 632w, https:\/\/miransol.ca\/wp-content\/uploads\/Caroline-web-e1754531163456-768x1245.jpg 768w, https:\/\/miransol.ca\/wp-content\/uploads\/Caroline-web-e1754531163456-947x1536.jpg 947w, https:\/\/miransol.ca\/wp-content\/uploads\/Caroline-web-e1754531163456.jpg 1263w\" sizes=\"(max-width: 185px) 100vw, 185px\" \/>\t\t\t\t\t\t\t\t\t\t\t\t\t\t\t<\/div>\n\t\t\t\t<\/div>\n\t\t\t\t<div class=\"elementor-element elementor-element-2fdbd71 elementor-widget elementor-widget-text-editor\" data-id=\"2fdbd71\" data-element_type=\"widget\" data-e-type=\"widget\" data-widget_type=\"text-editor.default\">\n\t\t\t\t<div class=\"elementor-widget-container\">\n\t\t\t\t\t\t\t\t\t<p>\u00c0 6 ans, Caroline a d\u00e9but\u00e9 ses \u00e9tudes de piano \u00e0 l\u2019\u00c9cole de musique Miransol.<\/p><p>Elle a poursuivi sa formation en piano \u00e0 Qu\u00e9bec, jusqu\u2019\u00e0 l\u2019obtention d\u2019un baccalaur\u00e9at en \u00e9ducation musicale \u00e0 l\u2019Universit\u00e9\u00a0\u00a0Laval en 1991.<\/p><p>Enseignante en musique dans des \u00e9coles primaires et secondaires pendant 29 ans, Caroline est heureuse de pouvoir se joindre \u00e0 l\u2019\u00e9quipe de Miransol pour y reprendre l\u2019enseignement du piano.<\/p>\t\t\t\t\t\t\t\t<\/div>\n\t\t\t\t<\/div>\n\t\t\t\t\t<\/div>\n\t\t<\/div>\n\t\t\t\t\t<\/div>\n\t\t<\/section>\n\t\t\t\t<\/div>","protected":false},"excerpt":{"rendered":"<p>\u00c0 6 ans, Caroline a d\u00e9but\u00e9 ses \u00e9tudes de piano \u00e0 l\u2019\u00c9cole de musique Miransol. Elle a poursuivi sa formation en piano \u00e0 Qu\u00e9bec, jusqu\u2019\u00e0 l\u2019obtention d\u2019un baccalaur\u00e9at en \u00e9ducation musicale \u00e0 l\u2019Universit\u00e9\u00a0\u00a0Laval en 1991. Enseignante en musique dans des \u00e9coles primaires et secondaires pendant 29 ans, Caroline est heureuse de pouvoir se joindre \u00e0 [&hellip;]<\/p>\n","protected":false},"author":4,"featured_media":0,"parent":0,"menu_order":0,"comment_status":"closed","ping_status":"closed","template":"","meta":{"_acf_changed":false,"_seopress_robots_primary_cat":"","_seopress_titles_title":"","_seopress_titles_desc":"","_seopress_robots_index":"","site-sidebar-layout":"no-sidebar","site-content-layout":"page-builder","ast-site-content-layout":"full-width-container","site-content-style":"default","site-sidebar-style":"default","ast-global-header-display":"","ast-banner-title-visibility":"","ast-main-header-display":"","ast-hfb-above-header-display":"","ast-hfb-below-header-display":"","ast-hfb-mobile-header-display":"","site-post-title":"disabled","ast-breadcrumbs-content":"","ast-featured-img":"disabled","footer-sml-layout":"","ast-disable-related-posts":"","theme-transparent-header-meta":"","adv-header-id-meta":"","stick-header-meta":"","header-above-stick-meta":"","header-main-stick-meta":"","header-below-stick-meta":"","astra-migrate-meta-layouts":"default","ast-page-background-enabled":"default","ast-page-background-meta":{"desktop":{"background-color":"","background-image":"","background-repeat":"repeat","background-position":"center center","background-size":"auto","background-attachment":"scroll","background-type":"","background-media":"","overlay-type":"","overlay-color":"","overlay-opacity":"","overlay-gradient":""},"tablet":{"background-color":"","background-image":"","background-repeat":"repeat","background-position":"center center","background-size":"auto","background-attachment":"scroll","background-type":"","background-media":"","overlay-type":"","overlay-color":"","overlay-opacity":"","overlay-gradient":""},"mobile":{"background-color":"","background-image":"","background-repeat":"repeat","background-position":"center center","background-size":"auto","background-attachment":"scroll","background-type":"","background-media":"","overlay-type":"","overlay-color":"","overlay-opacity":"","overlay-gradient":""}},"ast-content-background-meta":{"desktop":{"background-color":"var(--ast-global-color-5)","background-image":"","background-repeat":"repeat","background-position":"center center","background-size":"auto","background-attachment":"scroll","background-type":"","background-media":"","overlay-type":"","overlay-color":"","overlay-opacity":"","overlay-gradient":""},"tablet":{"background-color":"var(--ast-global-color-5)","background-image":"","background-repeat":"repeat","background-position":"center center","background-size":"auto","background-attachment":"scroll","background-type":"","background-media":"","overlay-type":"","overlay-color":"","overlay-opacity":"","overlay-gradient":""},"mobile":{"background-color":"var(--ast-global-color-5)","background-image":"","background-repeat":"repeat","background-position":"center center","background-size":"auto","background-attachment":"scroll","background-type":"","background-media":"","overlay-type":"","overlay-color":"","overlay-opacity":"","overlay-gradient":""}},"footnotes":""},"class_list":["post-9631","page","type-page","status-publish","hentry"],"acf":[],"_links":{"self":[{"href":"https:\/\/miransol.ca\/en\/wp-json\/wp\/v2\/pages\/9631","targetHints":{"allow":["GET"]}}],"collection":[{"href":"https:\/\/miransol.ca\/en\/wp-json\/wp\/v2\/pages"}],"about":[{"href":"https:\/\/miransol.ca\/en\/wp-json\/wp\/v2\/types\/page"}],"author":[{"embeddable":true,"href":"https:\/\/miransol.ca\/en\/wp-json\/wp\/v2\/users\/4"}],"replies":[{"embeddable":true,"href":"https:\/\/miransol.ca\/en\/wp-json\/wp\/v2\/comments?post=9631"}],"version-history":[{"count":0,"href":"https:\/\/miransol.ca\/en\/wp-json\/wp\/v2\/pages\/9631\/revisions"}],"wp:attachment":[{"href":"https:\/\/miransol.ca\/en\/wp-json\/wp\/v2\/media?parent=9631"}],"curies":[{"name":"wp","href":"https:\/\/api.w.org\/{rel}","templated":true}]}}