{"id":9636,"date":"2025-07-11T12:21:25","date_gmt":"2025-07-11T16:21:25","guid":{"rendered":"https:\/\/miransol.ca\/?page_id=9636"},"modified":"2025-07-11T12:22:49","modified_gmt":"2025-07-11T16:22:49","slug":"elementor-page-9636","status":"publish","type":"page","link":"https:\/\/miransol.ca\/en\/elementor-page-9636","title":{"rendered":"Elementor Page #9636"},"content":{"rendered":"<div data-elementor-type=\"wp-page\" data-elementor-id=\"9636\" class=\"elementor elementor-9636\" data-elementor-post-type=\"page\">\n\t\t\t\t\t\t<section class=\"elementor-section elementor-top-section elementor-element elementor-element-20b21dd elementor-section-boxed elementor-section-height-default elementor-section-height-default\" data-id=\"20b21dd\" data-element_type=\"section\" data-e-type=\"section\">\n\t\t\t\t\t\t<div class=\"elementor-container elementor-column-gap-default\">\n\t\t\t\t\t<div class=\"elementor-column elementor-col-100 elementor-top-column elementor-element elementor-element-1798560\" data-id=\"1798560\" data-element_type=\"column\" data-e-type=\"column\">\n\t\t\t<div class=\"elementor-widget-wrap elementor-element-populated\">\n\t\t\t\t\t\t<div class=\"elementor-element elementor-element-cd55e18 elementor-widget elementor-widget-image\" data-id=\"cd55e18\" data-element_type=\"widget\" data-e-type=\"widget\" data-widget_type=\"image.default\">\n\t\t\t\t<div class=\"elementor-widget-container\">\n\t\t\t\t\t\t\t\t\t\t\t\t\t\t\t<img fetchpriority=\"high\" decoding=\"async\" width=\"200\" height=\"300\" src=\"https:\/\/miransol.ca\/wp-content\/uploads\/Miransol-3554-Caroline-200x300.jpg\" class=\"attachment-medium size-medium wp-image-3409\" alt=\"\" srcset=\"https:\/\/miransol.ca\/wp-content\/uploads\/Miransol-3554-Caroline-200x300.jpg 200w, https:\/\/miransol.ca\/wp-content\/uploads\/Miransol-3554-Caroline-768x1151.jpg 768w, https:\/\/miransol.ca\/wp-content\/uploads\/Miransol-3554-Caroline-684x1024.jpg 684w, https:\/\/miransol.ca\/wp-content\/uploads\/Miransol-3554-Caroline-600x899.jpg 600w, https:\/\/miransol.ca\/wp-content\/uploads\/Miransol-3554-Caroline.jpg 1367w\" sizes=\"(max-width: 200px) 100vw, 200px\" \/>\t\t\t\t\t\t\t\t\t\t\t\t\t\t\t<\/div>\n\t\t\t\t<\/div>\n\t\t\t\t<div class=\"elementor-element elementor-element-2c968ee elementor-widget elementor-widget-text-editor\" data-id=\"2c968ee\" data-element_type=\"widget\" data-e-type=\"widget\" data-widget_type=\"text-editor.default\">\n\t\t\t\t<div class=\"elementor-widget-container\">\n\t\t\t\t\t\t\t\t\t<p>Ayant pour r\u00eave d\u2019habiter en Gasp\u00e9sie, Caroline s\u2019est r\u00e9cemment \u00e9tablie \u00e0 Sainte-Anne-Des-Monts. Passionn\u00e9e de musique depuis qu\u2019elle est toute petite, elle a commenc\u00e9 le piano classique \u00e0 l\u2019\u00e2ge de 7 ans.\u00a0<\/p><p>Caroline a compl\u00e9t\u00e9 7 ann\u00e9es \u00e0 l\u2019\u00e9cole de musique de Vincent d\u2019Indy avant de se consacrer \u00e0 ses \u00e9tudes en orientation. Le retour en musique pour enseigner s\u2019est fait par passion pour la musique et le contact avec les jeunes.<\/p>\t\t\t\t\t\t\t\t<\/div>\n\t\t\t\t<\/div>\n\t\t\t\t\t<\/div>\n\t\t<\/div>\n\t\t\t\t\t<\/div>\n\t\t<\/section>\n\t\t\t\t<\/div>","protected":false},"excerpt":{"rendered":"<p>Ayant pour r\u00eave d\u2019habiter en Gasp\u00e9sie, Caroline s\u2019est r\u00e9cemment \u00e9tablie \u00e0 Sainte-Anne-Des-Monts. Passionn\u00e9e de musique depuis qu\u2019elle est toute petite, elle a commenc\u00e9 le piano classique \u00e0 l\u2019\u00e2ge de 7 ans.\u00a0 Caroline a compl\u00e9t\u00e9 7 ann\u00e9es \u00e0 l\u2019\u00e9cole de musique de Vincent d\u2019Indy avant de se consacrer \u00e0 ses \u00e9tudes en orientation. Le retour en [&hellip;]<\/p>\n","protected":false},"author":4,"featured_media":0,"parent":0,"menu_order":0,"comment_status":"closed","ping_status":"closed","template":"","meta":{"_acf_changed":false,"_seopress_robots_primary_cat":"","_seopress_titles_title":"","_seopress_titles_desc":"","_seopress_robots_index":"","site-sidebar-layout":"no-sidebar","site-content-layout":"page-builder","ast-site-content-layout":"full-width-container","site-content-style":"default","site-sidebar-style":"default","ast-global-header-display":"","ast-banner-title-visibility":"","ast-main-header-display":"","ast-hfb-above-header-display":"","ast-hfb-below-header-display":"","ast-hfb-mobile-header-display":"","site-post-title":"disabled","ast-breadcrumbs-content":"","ast-featured-img":"disabled","footer-sml-layout":"","ast-disable-related-posts":"","theme-transparent-header-meta":"","adv-header-id-meta":"","stick-header-meta":"","header-above-stick-meta":"","header-main-stick-meta":"","header-below-stick-meta":"","astra-migrate-meta-layouts":"default","ast-page-background-enabled":"default","ast-page-background-meta":{"desktop":{"background-color":"","background-image":"","background-repeat":"repeat","background-position":"center center","background-size":"auto","background-attachment":"scroll","background-type":"","background-media":"","overlay-type":"","overlay-color":"","overlay-opacity":"","overlay-gradient":""},"tablet":{"background-color":"","background-image":"","background-repeat":"repeat","background-position":"center center","background-size":"auto","background-attachment":"scroll","background-type":"","background-media":"","overlay-type":"","overlay-color":"","overlay-opacity":"","overlay-gradient":""},"mobile":{"background-color":"","background-image":"","background-repeat":"repeat","background-position":"center center","background-size":"auto","background-attachment":"scroll","background-type":"","background-media":"","overlay-type":"","overlay-color":"","overlay-opacity":"","overlay-gradient":""}},"ast-content-background-meta":{"desktop":{"background-color":"var(--ast-global-color-5)","background-image":"","background-repeat":"repeat","background-position":"center center","background-size":"auto","background-attachment":"scroll","background-type":"","background-media":"","overlay-type":"","overlay-color":"","overlay-opacity":"","overlay-gradient":""},"tablet":{"background-color":"var(--ast-global-color-5)","background-image":"","background-repeat":"repeat","background-position":"center center","background-size":"auto","background-attachment":"scroll","background-type":"","background-media":"","overlay-type":"","overlay-color":"","overlay-opacity":"","overlay-gradient":""},"mobile":{"background-color":"var(--ast-global-color-5)","background-image":"","background-repeat":"repeat","background-position":"center center","background-size":"auto","background-attachment":"scroll","background-type":"","background-media":"","overlay-type":"","overlay-color":"","overlay-opacity":"","overlay-gradient":""}},"footnotes":""},"class_list":["post-9636","page","type-page","status-publish","hentry"],"acf":[],"_links":{"self":[{"href":"https:\/\/miransol.ca\/en\/wp-json\/wp\/v2\/pages\/9636","targetHints":{"allow":["GET"]}}],"collection":[{"href":"https:\/\/miransol.ca\/en\/wp-json\/wp\/v2\/pages"}],"about":[{"href":"https:\/\/miransol.ca\/en\/wp-json\/wp\/v2\/types\/page"}],"author":[{"embeddable":true,"href":"https:\/\/miransol.ca\/en\/wp-json\/wp\/v2\/users\/4"}],"replies":[{"embeddable":true,"href":"https:\/\/miransol.ca\/en\/wp-json\/wp\/v2\/comments?post=9636"}],"version-history":[{"count":0,"href":"https:\/\/miransol.ca\/en\/wp-json\/wp\/v2\/pages\/9636\/revisions"}],"wp:attachment":[{"href":"https:\/\/miransol.ca\/en\/wp-json\/wp\/v2\/media?parent=9636"}],"curies":[{"name":"wp","href":"https:\/\/api.w.org\/{rel}","templated":true}]}}