{"id":9641,"date":"2025-07-11T12:23:31","date_gmt":"2025-07-11T16:23:31","guid":{"rendered":"https:\/\/miransol.ca\/?page_id=9641"},"modified":"2025-07-11T12:25:31","modified_gmt":"2025-07-11T16:25:31","slug":"elementor-page-9641","status":"publish","type":"page","link":"https:\/\/miransol.ca\/en\/elementor-page-9641","title":{"rendered":"Elementor Page #9641"},"content":{"rendered":"<div data-elementor-type=\"wp-page\" data-elementor-id=\"9641\" class=\"elementor elementor-9641\" data-elementor-post-type=\"page\">\n\t\t\t\t\t\t<section class=\"elementor-section elementor-top-section elementor-element elementor-element-43cf6fa elementor-section-boxed elementor-section-height-default elementor-section-height-default\" data-id=\"43cf6fa\" data-element_type=\"section\" data-e-type=\"section\">\n\t\t\t\t\t\t<div class=\"elementor-container elementor-column-gap-default\">\n\t\t\t\t\t<div class=\"elementor-column elementor-col-100 elementor-top-column elementor-element elementor-element-d6ae939\" data-id=\"d6ae939\" data-element_type=\"column\" data-e-type=\"column\">\n\t\t\t<div class=\"elementor-widget-wrap elementor-element-populated\">\n\t\t\t\t\t\t<div class=\"elementor-element elementor-element-3a26cd3 elementor-widget elementor-widget-image\" data-id=\"3a26cd3\" data-element_type=\"widget\" data-e-type=\"widget\" data-widget_type=\"image.default\">\n\t\t\t\t<div class=\"elementor-widget-container\">\n\t\t\t\t\t\t\t\t\t\t\t\t\t\t\t<img fetchpriority=\"high\" decoding=\"async\" width=\"202\" height=\"300\" src=\"https:\/\/miransol.ca\/wp-content\/uploads\/soeur-andree-jutras-professeur-ecole-musique-miransol-jlandry-0412-202x300.jpg\" class=\"attachment-medium size-medium wp-image-388\" alt=\"\" srcset=\"https:\/\/miransol.ca\/wp-content\/uploads\/soeur-andree-jutras-professeur-ecole-musique-miransol-jlandry-0412-202x300.jpg 202w, https:\/\/miransol.ca\/wp-content\/uploads\/soeur-andree-jutras-professeur-ecole-musique-miransol-jlandry-0412-600x893.jpg 600w, https:\/\/miransol.ca\/wp-content\/uploads\/soeur-andree-jutras-professeur-ecole-musique-miransol-jlandry-0412-768x1143.jpg 768w, https:\/\/miransol.ca\/wp-content\/uploads\/soeur-andree-jutras-professeur-ecole-musique-miransol-jlandry-0412-688x1024.jpg 688w, https:\/\/miransol.ca\/wp-content\/uploads\/elementor\/thumbs\/soeur-andree-jutras-professeur-ecole-musique-miransol-jlandry-0412-pjseudnt4dqm61xglkkp7mlnwdt33iiqwih1vpvmdc.jpg 1376w\" sizes=\"(max-width: 202px) 100vw, 202px\" \/>\t\t\t\t\t\t\t\t\t\t\t\t\t\t\t<\/div>\n\t\t\t\t<\/div>\n\t\t\t\t<div class=\"elementor-element elementor-element-bdfd37a elementor-widget elementor-widget-text-editor\" data-id=\"bdfd37a\" data-element_type=\"widget\" data-e-type=\"widget\" data-widget_type=\"text-editor.default\">\n\t\t\t\t<div class=\"elementor-widget-container\">\n\t\t\t\t\t\t\t\t\t<p>\u00a0Install\u00e9e depuis une cinquantaine d\u2019ann\u00e9es \u00e0 Sainte-Anne-des-Monts, Soeur Andr\u00e9e Jutras enseigne le piano \u00e0 l\u2019\u00c9cole de musique Miransol depuis la fondation de cette derni\u00e8re. Artiste multi-disciplinaire, passionn\u00e9e des arts, Soeur Andr\u00e9e enseigne aux \u00e9l\u00e8ves de piano des niveaux interm\u00e9diaire et avanc\u00e9.<\/p>\t\t\t\t\t\t\t\t<\/div>\n\t\t\t\t<\/div>\n\t\t\t\t\t<\/div>\n\t\t<\/div>\n\t\t\t\t\t<\/div>\n\t\t<\/section>\n\t\t\t\t<\/div>","protected":false},"excerpt":{"rendered":"<p>\u00a0Install\u00e9e depuis une cinquantaine d\u2019ann\u00e9es \u00e0 Sainte-Anne-des-Monts, Soeur Andr\u00e9e Jutras enseigne le piano \u00e0 l\u2019\u00c9cole de musique Miransol depuis la fondation de cette derni\u00e8re. Artiste multi-disciplinaire, passionn\u00e9e des arts, Soeur Andr\u00e9e enseigne aux \u00e9l\u00e8ves de piano des niveaux interm\u00e9diaire et avanc\u00e9.<\/p>","protected":false},"author":4,"featured_media":0,"parent":0,"menu_order":0,"comment_status":"closed","ping_status":"closed","template":"","meta":{"_acf_changed":false,"_seopress_robots_primary_cat":"","_seopress_titles_title":"","_seopress_titles_desc":"","_seopress_robots_index":"","site-sidebar-layout":"no-sidebar","site-content-layout":"page-builder","ast-site-content-layout":"full-width-container","site-content-style":"default","site-sidebar-style":"default","ast-global-header-display":"","ast-banner-title-visibility":"","ast-main-header-display":"","ast-hfb-above-header-display":"","ast-hfb-below-header-display":"","ast-hfb-mobile-header-display":"","site-post-title":"disabled","ast-breadcrumbs-content":"","ast-featured-img":"disabled","footer-sml-layout":"","ast-disable-related-posts":"","theme-transparent-header-meta":"","adv-header-id-meta":"","stick-header-meta":"","header-above-stick-meta":"","header-main-stick-meta":"","header-below-stick-meta":"","astra-migrate-meta-layouts":"default","ast-page-background-enabled":"default","ast-page-background-meta":{"desktop":{"background-color":"","background-image":"","background-repeat":"repeat","background-position":"center center","background-size":"auto","background-attachment":"scroll","background-type":"","background-media":"","overlay-type":"","overlay-color":"","overlay-opacity":"","overlay-gradient":""},"tablet":{"background-color":"","background-image":"","background-repeat":"repeat","background-position":"center center","background-size":"auto","background-attachment":"scroll","background-type":"","background-media":"","overlay-type":"","overlay-color":"","overlay-opacity":"","overlay-gradient":""},"mobile":{"background-color":"","background-image":"","background-repeat":"repeat","background-position":"center center","background-size":"auto","background-attachment":"scroll","background-type":"","background-media":"","overlay-type":"","overlay-color":"","overlay-opacity":"","overlay-gradient":""}},"ast-content-background-meta":{"desktop":{"background-color":"var(--ast-global-color-5)","background-image":"","background-repeat":"repeat","background-position":"center center","background-size":"auto","background-attachment":"scroll","background-type":"","background-media":"","overlay-type":"","overlay-color":"","overlay-opacity":"","overlay-gradient":""},"tablet":{"background-color":"var(--ast-global-color-5)","background-image":"","background-repeat":"repeat","background-position":"center center","background-size":"auto","background-attachment":"scroll","background-type":"","background-media":"","overlay-type":"","overlay-color":"","overlay-opacity":"","overlay-gradient":""},"mobile":{"background-color":"var(--ast-global-color-5)","background-image":"","background-repeat":"repeat","background-position":"center center","background-size":"auto","background-attachment":"scroll","background-type":"","background-media":"","overlay-type":"","overlay-color":"","overlay-opacity":"","overlay-gradient":""}},"footnotes":""},"class_list":["post-9641","page","type-page","status-publish","hentry"],"acf":[],"_links":{"self":[{"href":"https:\/\/miransol.ca\/en\/wp-json\/wp\/v2\/pages\/9641","targetHints":{"allow":["GET"]}}],"collection":[{"href":"https:\/\/miransol.ca\/en\/wp-json\/wp\/v2\/pages"}],"about":[{"href":"https:\/\/miransol.ca\/en\/wp-json\/wp\/v2\/types\/page"}],"author":[{"embeddable":true,"href":"https:\/\/miransol.ca\/en\/wp-json\/wp\/v2\/users\/4"}],"replies":[{"embeddable":true,"href":"https:\/\/miransol.ca\/en\/wp-json\/wp\/v2\/comments?post=9641"}],"version-history":[{"count":0,"href":"https:\/\/miransol.ca\/en\/wp-json\/wp\/v2\/pages\/9641\/revisions"}],"wp:attachment":[{"href":"https:\/\/miransol.ca\/en\/wp-json\/wp\/v2\/media?parent=9641"}],"curies":[{"name":"wp","href":"https:\/\/api.w.org\/{rel}","templated":true}]}}