{"id":9701,"date":"2025-07-11T12:52:00","date_gmt":"2025-07-11T16:52:00","guid":{"rendered":"https:\/\/miransol.ca\/?page_id=9701"},"modified":"2025-09-29T13:27:19","modified_gmt":"2025-09-29T17:27:19","slug":"elementor-page-9701","status":"publish","type":"page","link":"https:\/\/miransol.ca\/en\/elementor-page-9701","title":{"rendered":"Elementor Page #9701"},"content":{"rendered":"<div data-elementor-type=\"wp-page\" data-elementor-id=\"9701\" class=\"elementor elementor-9701\" data-elementor-post-type=\"page\">\n\t\t\t\t\t\t<section class=\"elementor-section elementor-top-section elementor-element elementor-element-57dd170 elementor-section-boxed elementor-section-height-default elementor-section-height-default\" data-id=\"57dd170\" data-element_type=\"section\" data-e-type=\"section\" data-settings=\"{&quot;background_background&quot;:&quot;classic&quot;}\">\n\t\t\t\t\t\t<div class=\"elementor-container elementor-column-gap-default\">\n\t\t\t\t\t<div class=\"elementor-column elementor-col-100 elementor-top-column elementor-element elementor-element-c389586\" data-id=\"c389586\" data-element_type=\"column\" data-e-type=\"column\">\n\t\t\t<div class=\"elementor-widget-wrap elementor-element-populated\">\n\t\t\t\t\t\t<div class=\"elementor-element elementor-element-8ed6cb8 elementor-widget elementor-widget-spacer\" data-id=\"8ed6cb8\" data-element_type=\"widget\" data-e-type=\"widget\" data-widget_type=\"spacer.default\">\n\t\t\t\t<div class=\"elementor-widget-container\">\n\t\t\t\t\t\t\t<div class=\"elementor-spacer\">\n\t\t\t<div class=\"elementor-spacer-inner\"><\/div>\n\t\t<\/div>\n\t\t\t\t\t\t<\/div>\n\t\t\t\t<\/div>\n\t\t\t\t<div class=\"elementor-element elementor-element-f09b103 elementor-widget elementor-widget-spacer\" data-id=\"f09b103\" data-element_type=\"widget\" data-e-type=\"widget\" data-widget_type=\"spacer.default\">\n\t\t\t\t<div class=\"elementor-widget-container\">\n\t\t\t\t\t\t\t<div class=\"elementor-spacer\">\n\t\t\t<div class=\"elementor-spacer-inner\"><\/div>\n\t\t<\/div>\n\t\t\t\t\t\t<\/div>\n\t\t\t\t<\/div>\n\t\t\t\t<div class=\"elementor-element elementor-element-1211741 elementor-widget elementor-widget-spacer\" data-id=\"1211741\" data-element_type=\"widget\" data-e-type=\"widget\" data-widget_type=\"spacer.default\">\n\t\t\t\t<div class=\"elementor-widget-container\">\n\t\t\t\t\t\t\t<div class=\"elementor-spacer\">\n\t\t\t<div class=\"elementor-spacer-inner\"><\/div>\n\t\t<\/div>\n\t\t\t\t\t\t<\/div>\n\t\t\t\t<\/div>\n\t\t\t\t<div class=\"elementor-element elementor-element-cf97a78 elementor-widget elementor-widget-heading\" data-id=\"cf97a78\" data-element_type=\"widget\" data-e-type=\"widget\" data-widget_type=\"heading.default\">\n\t\t\t\t<div class=\"elementor-widget-container\">\n\t\t\t\t\t<h2 class=\"elementor-heading-title elementor-size-default\">\u00e9veil musical 2<\/h2>\t\t\t\t<\/div>\n\t\t\t\t<\/div>\n\t\t\t\t<div class=\"elementor-element elementor-element-46a0a60 elementor-widget elementor-widget-spacer\" data-id=\"46a0a60\" data-element_type=\"widget\" data-e-type=\"widget\" data-widget_type=\"spacer.default\">\n\t\t\t\t<div class=\"elementor-widget-container\">\n\t\t\t\t\t\t\t<div class=\"elementor-spacer\">\n\t\t\t<div class=\"elementor-spacer-inner\"><\/div>\n\t\t<\/div>\n\t\t\t\t\t\t<\/div>\n\t\t\t\t<\/div>\n\t\t\t\t<section class=\"elementor-section elementor-inner-section elementor-element elementor-element-c089a1d elementor-section-boxed elementor-section-height-default elementor-section-height-default\" data-id=\"c089a1d\" data-element_type=\"section\" data-e-type=\"section\">\n\t\t\t\t\t\t<div class=\"elementor-container elementor-column-gap-default\">\n\t\t\t\t\t<div class=\"elementor-column elementor-col-50 elementor-inner-column elementor-element elementor-element-bda0708\" data-id=\"bda0708\" data-element_type=\"column\" data-e-type=\"column\">\n\t\t\t<div class=\"elementor-widget-wrap elementor-element-populated\">\n\t\t\t\t\t\t<div class=\"elementor-element elementor-element-bc99dc8 elementor-widget elementor-widget-image\" data-id=\"bc99dc8\" data-element_type=\"widget\" data-e-type=\"widget\" data-widget_type=\"image.default\">\n\t\t\t\t<div class=\"elementor-widget-container\">\n\t\t\t\t\t\t\t\t\t\t\t\t\t\t\t<img fetchpriority=\"high\" decoding=\"async\" width=\"300\" height=\"200\" src=\"https:\/\/miransol.ca\/wp-content\/uploads\/eveil-musical-enfants-ecole-musique-miransol-jlandry-3321-300x200.jpg\" class=\"attachment-medium size-medium wp-image-769\" alt=\"\" srcset=\"https:\/\/miransol.ca\/wp-content\/uploads\/eveil-musical-enfants-ecole-musique-miransol-jlandry-3321-300x200.jpg 300w, https:\/\/miransol.ca\/wp-content\/uploads\/eveil-musical-enfants-ecole-musique-miransol-jlandry-3321-600x401.jpg 600w, https:\/\/miransol.ca\/wp-content\/uploads\/eveil-musical-enfants-ecole-musique-miransol-jlandry-3321-768x513.jpg 768w, https:\/\/miransol.ca\/wp-content\/uploads\/eveil-musical-enfants-ecole-musique-miransol-jlandry-3321-1024x684.jpg 1024w\" sizes=\"(max-width: 300px) 100vw, 300px\" \/>\t\t\t\t\t\t\t\t\t\t\t\t\t\t\t<\/div>\n\t\t\t\t<\/div>\n\t\t\t\t\t<\/div>\n\t\t<\/div>\n\t\t\t\t<div class=\"elementor-column elementor-col-50 elementor-inner-column elementor-element elementor-element-071eb55\" data-id=\"071eb55\" data-element_type=\"column\" data-e-type=\"column\">\n\t\t\t<div class=\"elementor-widget-wrap elementor-element-populated\">\n\t\t\t\t\t\t<div class=\"elementor-element elementor-element-a6db01e elementor-widget elementor-widget-text-editor\" data-id=\"a6db01e\" data-element_type=\"widget\" data-e-type=\"widget\" data-widget_type=\"text-editor.default\">\n\t\t\t\t<div class=\"elementor-widget-container\">\n\t\t\t\t\t\t\t\t\t<p>Ce cours, donn\u00e9 en petit groupe de 4-5 \u00e9l\u00e8ves, permet \u00e0 l\u2019enfant de poursuivre l\u2019exploration musicale d\u00e9but\u00e9e dans le cours \u00c9veil 1 par le chant et la manipulation de divers intruments.<\/p><p>PR\u00c9ALABLE: l\u2019\u00e9l\u00e8ve doit avoir suivi le cours \u00c9veil 1 pour s\u2019inscrire \u00e0 \u00c9veil 2 <strong>(le cours d\u2019\u00c9veil Musical donn\u00e9 en CPE n\u2019est pas consid\u00e9r\u00e9 comme \u00e9tant suffisant)<\/strong>.<\/p>\t\t\t\t\t\t\t\t<\/div>\n\t\t\t\t<\/div>\n\t\t\t\t\t<\/div>\n\t\t<\/div>\n\t\t\t\t\t<\/div>\n\t\t<\/section>\n\t\t\t\t\t<\/div>\n\t\t<\/div>\n\t\t\t\t\t<\/div>\n\t\t<\/section>\n\t\t\t\t<\/div>","protected":false},"excerpt":{"rendered":"<p>\u00e9veil musical 2 Ce cours, donn\u00e9 en petit groupe de 4-5 \u00e9l\u00e8ves, permet \u00e0 l\u2019enfant de poursuivre l\u2019exploration musicale d\u00e9but\u00e9e dans le cours \u00c9veil 1 par le chant et la manipulation de divers intruments. PR\u00c9ALABLE: l\u2019\u00e9l\u00e8ve doit avoir suivi le cours \u00c9veil 1 pour s\u2019inscrire \u00e0 \u00c9veil 2 (le cours d\u2019\u00c9veil Musical donn\u00e9 en CPE [&hellip;]<\/p>\n","protected":false},"author":4,"featured_media":0,"parent":0,"menu_order":0,"comment_status":"closed","ping_status":"closed","template":"","meta":{"_acf_changed":false,"_seopress_robots_primary_cat":"","_seopress_titles_title":"","_seopress_titles_desc":"","_seopress_robots_index":"","site-sidebar-layout":"no-sidebar","site-content-layout":"page-builder","ast-site-content-layout":"full-width-container","site-content-style":"default","site-sidebar-style":"default","ast-global-header-display":"","ast-banner-title-visibility":"","ast-main-header-display":"","ast-hfb-above-header-display":"","ast-hfb-below-header-display":"","ast-hfb-mobile-header-display":"","site-post-title":"","ast-breadcrumbs-content":"","ast-featured-img":"disabled","footer-sml-layout":"","ast-disable-related-posts":"","theme-transparent-header-meta":"","adv-header-id-meta":"","stick-header-meta":"","header-above-stick-meta":"","header-main-stick-meta":"","header-below-stick-meta":"","astra-migrate-meta-layouts":"default","ast-page-background-enabled":"default","ast-page-background-meta":{"desktop":{"background-color":"","background-image":"","background-repeat":"repeat","background-position":"center center","background-size":"auto","background-attachment":"scroll","background-type":"","background-media":"","overlay-type":"","overlay-color":"","overlay-opacity":"","overlay-gradient":""},"tablet":{"background-color":"","background-image":"","background-repeat":"repeat","background-position":"center center","background-size":"auto","background-attachment":"scroll","background-type":"","background-media":"","overlay-type":"","overlay-color":"","overlay-opacity":"","overlay-gradient":""},"mobile":{"background-color":"","background-image":"","background-repeat":"repeat","background-position":"center center","background-size":"auto","background-attachment":"scroll","background-type":"","background-media":"","overlay-type":"","overlay-color":"","overlay-opacity":"","overlay-gradient":""}},"ast-content-background-meta":{"desktop":{"background-color":"var(--ast-global-color-5)","background-image":"","background-repeat":"repeat","background-position":"center center","background-size":"auto","background-attachment":"scroll","background-type":"","background-media":"","overlay-type":"","overlay-color":"","overlay-opacity":"","overlay-gradient":""},"tablet":{"background-color":"var(--ast-global-color-5)","background-image":"","background-repeat":"repeat","background-position":"center center","background-size":"auto","background-attachment":"scroll","background-type":"","background-media":"","overlay-type":"","overlay-color":"","overlay-opacity":"","overlay-gradient":""},"mobile":{"background-color":"var(--ast-global-color-5)","background-image":"","background-repeat":"repeat","background-position":"center center","background-size":"auto","background-attachment":"scroll","background-type":"","background-media":"","overlay-type":"","overlay-color":"","overlay-opacity":"","overlay-gradient":""}},"footnotes":""},"class_list":["post-9701","page","type-page","status-publish","hentry"],"acf":[],"_links":{"self":[{"href":"https:\/\/miransol.ca\/en\/wp-json\/wp\/v2\/pages\/9701","targetHints":{"allow":["GET"]}}],"collection":[{"href":"https:\/\/miransol.ca\/en\/wp-json\/wp\/v2\/pages"}],"about":[{"href":"https:\/\/miransol.ca\/en\/wp-json\/wp\/v2\/types\/page"}],"author":[{"embeddable":true,"href":"https:\/\/miransol.ca\/en\/wp-json\/wp\/v2\/users\/4"}],"replies":[{"embeddable":true,"href":"https:\/\/miransol.ca\/en\/wp-json\/wp\/v2\/comments?post=9701"}],"version-history":[{"count":0,"href":"https:\/\/miransol.ca\/en\/wp-json\/wp\/v2\/pages\/9701\/revisions"}],"wp:attachment":[{"href":"https:\/\/miransol.ca\/en\/wp-json\/wp\/v2\/media?parent=9701"}],"curies":[{"name":"wp","href":"https:\/\/api.w.org\/{rel}","templated":true}]}}