{"id":9811,"date":"2025-08-04T21:09:15","date_gmt":"2025-08-05T01:09:15","guid":{"rendered":"https:\/\/miransol.ca\/?page_id=9811"},"modified":"2025-08-12T21:14:47","modified_gmt":"2025-08-13T01:14:47","slug":"sedera-rasamimanana","status":"publish","type":"page","link":"https:\/\/miransol.ca\/en\/sedera-rasamimanana","title":{"rendered":"SEDERA RASAMIMANANA\u200b"},"content":{"rendered":"<div data-elementor-type=\"wp-page\" data-elementor-id=\"9811\" class=\"elementor elementor-9811\" data-elementor-post-type=\"page\">\n\t\t\t\t\t\t<section class=\"elementor-section elementor-top-section elementor-element elementor-element-53ed69bf elementor-section-boxed elementor-section-height-default elementor-section-height-default\" data-id=\"53ed69bf\" data-element_type=\"section\" data-e-type=\"section\" data-settings=\"{&quot;background_background&quot;:&quot;classic&quot;}\">\n\t\t\t\t\t\t\t<div class=\"elementor-background-overlay\"><\/div>\n\t\t\t\t\t\t\t<div class=\"elementor-container elementor-column-gap-default\">\n\t\t\t\t\t<div class=\"elementor-column elementor-col-100 elementor-top-column elementor-element elementor-element-164ae7e7\" data-id=\"164ae7e7\" data-element_type=\"column\" data-e-type=\"column\">\n\t\t\t<div class=\"elementor-widget-wrap elementor-element-populated\">\n\t\t\t\t\t\t<div class=\"elementor-element elementor-element-8998842 elementor-widget elementor-widget-spacer\" data-id=\"8998842\" data-element_type=\"widget\" data-e-type=\"widget\" data-widget_type=\"spacer.default\">\n\t\t\t\t<div class=\"elementor-widget-container\">\n\t\t\t\t\t\t\t<div class=\"elementor-spacer\">\n\t\t\t<div class=\"elementor-spacer-inner\"><\/div>\n\t\t<\/div>\n\t\t\t\t\t\t<\/div>\n\t\t\t\t<\/div>\n\t\t\t\t<div class=\"elementor-element elementor-element-0038276 elementor-widget elementor-widget-spacer\" data-id=\"0038276\" data-element_type=\"widget\" data-e-type=\"widget\" data-widget_type=\"spacer.default\">\n\t\t\t\t<div class=\"elementor-widget-container\">\n\t\t\t\t\t\t\t<div class=\"elementor-spacer\">\n\t\t\t<div class=\"elementor-spacer-inner\"><\/div>\n\t\t<\/div>\n\t\t\t\t\t\t<\/div>\n\t\t\t\t<\/div>\n\t\t\t\t<div class=\"elementor-element elementor-element-3bfced5 elementor-widget elementor-widget-image\" data-id=\"3bfced5\" data-element_type=\"widget\" data-e-type=\"widget\" data-widget_type=\"image.default\">\n\t\t\t\t<div class=\"elementor-widget-container\">\n\t\t\t\t\t\t\t\t\t\t\t\t\t\t\t<img fetchpriority=\"high\" decoding=\"async\" width=\"217\" height=\"300\" src=\"https:\/\/miransol.ca\/wp-content\/uploads\/IMG_20230817_Photo-e1754530893296-217x300.jpg\" class=\"attachment-medium size-medium wp-image-8776\" alt=\"\" srcset=\"https:\/\/miransol.ca\/wp-content\/uploads\/IMG_20230817_Photo-e1754530893296-217x300.jpg 217w, https:\/\/miransol.ca\/wp-content\/uploads\/IMG_20230817_Photo-e1754530893296.jpg 510w\" sizes=\"(max-width: 217px) 100vw, 217px\" \/>\t\t\t\t\t\t\t\t\t\t\t\t\t\t\t<\/div>\n\t\t\t\t<\/div>\n\t\t\t\t<div class=\"elementor-element elementor-element-c5d768a elementor-widget elementor-widget-heading\" data-id=\"c5d768a\" data-element_type=\"widget\" data-e-type=\"widget\" data-widget_type=\"heading.default\">\n\t\t\t\t<div class=\"elementor-widget-container\">\n\t\t\t\t\t<h2 class=\"elementor-heading-title elementor-size-default\"><span class=\"elementor-heading-title elementor-size-medium elementor-inline-editing pen\" data-elementor-setting-key=\"title\" data-pen-placeholder=\"\u00c9crivez ici...\" style=\"font-style: normal;font-weight: 600;clear: both;line-height: 1.3em\">SEDERA RASAMIMANANA<\/span><\/h2>\t\t\t\t<\/div>\n\t\t\t\t<\/div>\n\t\t\t\t<div class=\"elementor-element elementor-element-42d91d9 elementor-widget-divider--view-line elementor-widget elementor-widget-divider\" data-id=\"42d91d9\" data-element_type=\"widget\" data-e-type=\"widget\" data-widget_type=\"divider.default\">\n\t\t\t\t<div class=\"elementor-widget-container\">\n\t\t\t\t\t\t\t<div class=\"elementor-divider\">\n\t\t\t<span class=\"elementor-divider-separator\">\n\t\t\t\t\t\t<\/span>\n\t\t<\/div>\n\t\t\t\t\t\t<\/div>\n\t\t\t\t<\/div>\n\t\t\t\t<div class=\"elementor-element elementor-element-244a4212 elementor-widget elementor-widget-text-editor\" data-id=\"244a4212\" data-element_type=\"widget\" data-e-type=\"widget\" data-widget_type=\"text-editor.default\">\n\t\t\t\t<div class=\"elementor-widget-container\">\n\t\t\t\t\t\t\t\t\t\n<p><span style=\"text-decoration: underline;\"><strong>Chant \/ Chorale \/ Fl\u00fbte Traversi\u00e8re\u200b<\/strong><\/span><\/p>\n\n<p>Ancienne \u00e9l\u00e8ve de Miransol, Sedera a compl\u00e9t\u00e9 ses \u00e9tudes sup\u00e9rieures en chant classique au Jacobs School of Music de Indiana University aux \u00c9tats-Unis, aussi auparavant dipl\u00f4m\u00e9e\u00a0en chant pop-jazz au Campus\u00a0Notre-Dame-de-Foy \u00e0 Qu\u00e9bec. Elle a \u00e9t\u00e9 artiste invit\u00e9e durant plusieurs ann\u00e9es \u00e0 divers \u00e9v\u00e8nements musicaux classiques ou de vari\u00e9t\u00e9 au Qu\u00e9bec, dans son pays natal, ainsi qu&rsquo;aux \u00c9tats-Unis. Elle est passionn\u00e9e de l&rsquo;instrument vocal et du chant choral, mais aussi de musique avant tout, ce qui lui permet d&rsquo;enseigner d&rsquo;autres instruments qu&rsquo;elle aime dont le piano et la fl\u00fbte traversi\u00e8re.<\/p>\n\n<p>\u00a0<\/p>\n\t\t\t\t\t\t\t\t<\/div>\n\t\t\t\t<\/div>\n\t\t\t\t<div class=\"elementor-element elementor-element-aa44c61 elementor-widget elementor-widget-video\" data-id=\"aa44c61\" data-element_type=\"widget\" data-e-type=\"widget\" data-settings=\"{&quot;youtube_url&quot;:&quot;https:\\\/\\\/www.youtube.com\\\/watch?v=d8ocf9Rdl1Q&quot;,&quot;video_type&quot;:&quot;youtube&quot;,&quot;controls&quot;:&quot;yes&quot;}\" data-widget_type=\"video.default\">\n\t\t\t\t<div class=\"elementor-widget-container\">\n\t\t\t\t\t\t\t<div class=\"elementor-wrapper elementor-open-inline\">\n\t\t\t<div class=\"elementor-video\"><\/div>\t\t<\/div>\n\t\t\t\t\t\t<\/div>\n\t\t\t\t<\/div>\n\t\t\t\t\t<\/div>\n\t\t<\/div>\n\t\t\t\t\t<\/div>\n\t\t<\/section>\n\t\t\t\t<section class=\"elementor-section elementor-top-section elementor-element elementor-element-fe33d1f elementor-section-boxed elementor-section-height-default elementor-section-height-default\" data-id=\"fe33d1f\" data-element_type=\"section\" data-e-type=\"section\">\n\t\t\t\t\t\t<div class=\"elementor-container elementor-column-gap-default\">\n\t\t\t\t\t<div class=\"elementor-column elementor-col-100 elementor-top-column elementor-element elementor-element-2ae188f\" data-id=\"2ae188f\" data-element_type=\"column\" data-e-type=\"column\">\n\t\t\t<div class=\"elementor-widget-wrap\">\n\t\t\t\t\t\t\t<\/div>\n\t\t<\/div>\n\t\t\t\t\t<\/div>\n\t\t<\/section>\n\t\t\t\t<section class=\"elementor-section elementor-top-section elementor-element elementor-element-0e427b7 elementor-section-boxed elementor-section-height-default elementor-section-height-default\" data-id=\"0e427b7\" data-element_type=\"section\" data-e-type=\"section\">\n\t\t\t\t\t\t<div class=\"elementor-container elementor-column-gap-default\">\n\t\t\t\t\t<div class=\"elementor-column elementor-col-100 elementor-top-column elementor-element elementor-element-6d92aac\" data-id=\"6d92aac\" data-element_type=\"column\" data-e-type=\"column\">\n\t\t\t<div class=\"elementor-widget-wrap\">\n\t\t\t\t\t\t\t<\/div>\n\t\t<\/div>\n\t\t\t\t\t<\/div>\n\t\t<\/section>\n\t\t\t\t<\/div>","protected":false},"excerpt":{"rendered":"<p>SEDERA RASAMIMANANA Chant \/ Chorale \/ Fl\u00fbte Traversi\u00e8re\u200b Ancienne \u00e9l\u00e8ve de Miransol, Sedera a compl\u00e9t\u00e9 ses \u00e9tudes sup\u00e9rieures en chant classique au Jacobs School of Music de Indiana University aux \u00c9tats-Unis, aussi auparavant dipl\u00f4m\u00e9e\u00a0en chant pop-jazz au Campus\u00a0Notre-Dame-de-Foy \u00e0 Qu\u00e9bec. Elle a \u00e9t\u00e9 artiste invit\u00e9e durant plusieurs ann\u00e9es \u00e0 divers \u00e9v\u00e8nements musicaux classiques ou de [&hellip;]<\/p>\n","protected":false},"author":4,"featured_media":0,"parent":0,"menu_order":0,"comment_status":"closed","ping_status":"closed","template":"","meta":{"_acf_changed":false,"_seopress_robots_primary_cat":"","_seopress_titles_title":"","_seopress_titles_desc":"","_seopress_robots_index":"","site-sidebar-layout":"default","site-content-layout":"","ast-site-content-layout":"default","site-content-style":"default","site-sidebar-style":"default","ast-global-header-display":"","ast-banner-title-visibility":"","ast-main-header-display":"","ast-hfb-above-header-display":"","ast-hfb-below-header-display":"","ast-hfb-mobile-header-display":"","site-post-title":"","ast-breadcrumbs-content":"","ast-featured-img":"","footer-sml-layout":"","ast-disable-related-posts":"","theme-transparent-header-meta":"","adv-header-id-meta":"","stick-header-meta":"","header-above-stick-meta":"","header-main-stick-meta":"","header-below-stick-meta":"","astra-migrate-meta-layouts":"default","ast-page-background-enabled":"default","ast-page-background-meta":{"desktop":{"background-color":"","background-image":"","background-repeat":"repeat","background-position":"center center","background-size":"auto","background-attachment":"scroll","background-type":"","background-media":"","overlay-type":"","overlay-color":"","overlay-opacity":"","overlay-gradient":""},"tablet":{"background-color":"","background-image":"","background-repeat":"repeat","background-position":"center center","background-size":"auto","background-attachment":"scroll","background-type":"","background-media":"","overlay-type":"","overlay-color":"","overlay-opacity":"","overlay-gradient":""},"mobile":{"background-color":"","background-image":"","background-repeat":"repeat","background-position":"center center","background-size":"auto","background-attachment":"scroll","background-type":"","background-media":"","overlay-type":"","overlay-color":"","overlay-opacity":"","overlay-gradient":""}},"ast-content-background-meta":{"desktop":{"background-color":"var(--ast-global-color-5)","background-image":"","background-repeat":"repeat","background-position":"center center","background-size":"auto","background-attachment":"scroll","background-type":"","background-media":"","overlay-type":"","overlay-color":"","overlay-opacity":"","overlay-gradient":""},"tablet":{"background-color":"var(--ast-global-color-5)","background-image":"","background-repeat":"repeat","background-position":"center center","background-size":"auto","background-attachment":"scroll","background-type":"","background-media":"","overlay-type":"","overlay-color":"","overlay-opacity":"","overlay-gradient":""},"mobile":{"background-color":"var(--ast-global-color-5)","background-image":"","background-repeat":"repeat","background-position":"center center","background-size":"auto","background-attachment":"scroll","background-type":"","background-media":"","overlay-type":"","overlay-color":"","overlay-opacity":"","overlay-gradient":""}},"footnotes":""},"class_list":["post-9811","page","type-page","status-publish","hentry"],"acf":[],"_links":{"self":[{"href":"https:\/\/miransol.ca\/en\/wp-json\/wp\/v2\/pages\/9811","targetHints":{"allow":["GET"]}}],"collection":[{"href":"https:\/\/miransol.ca\/en\/wp-json\/wp\/v2\/pages"}],"about":[{"href":"https:\/\/miransol.ca\/en\/wp-json\/wp\/v2\/types\/page"}],"author":[{"embeddable":true,"href":"https:\/\/miransol.ca\/en\/wp-json\/wp\/v2\/users\/4"}],"replies":[{"embeddable":true,"href":"https:\/\/miransol.ca\/en\/wp-json\/wp\/v2\/comments?post=9811"}],"version-history":[{"count":0,"href":"https:\/\/miransol.ca\/en\/wp-json\/wp\/v2\/pages\/9811\/revisions"}],"wp:attachment":[{"href":"https:\/\/miransol.ca\/en\/wp-json\/wp\/v2\/media?parent=9811"}],"curies":[{"name":"wp","href":"https:\/\/api.w.org\/{rel}","templated":true}]}}