{"id":9848,"date":"2025-08-04T21:28:02","date_gmt":"2025-08-05T01:28:02","guid":{"rendered":"https:\/\/miransol.ca\/?page_id=9848"},"modified":"2025-09-29T13:10:34","modified_gmt":"2025-09-29T17:10:34","slug":"elementor-9848","status":"publish","type":"page","link":"https:\/\/miransol.ca\/en\/elementor-9848","title":{"rendered":"Elementor #9848"},"content":{"rendered":"<div data-elementor-type=\"wp-page\" data-elementor-id=\"9848\" class=\"elementor elementor-9848\" data-elementor-post-type=\"page\">\n\t\t\t\t\t\t<section class=\"elementor-section elementor-top-section elementor-element elementor-element-cf3ae18 elementor-section-boxed elementor-section-height-default elementor-section-height-default\" data-id=\"cf3ae18\" data-element_type=\"section\" data-e-type=\"section\" data-settings=\"{&quot;background_background&quot;:&quot;classic&quot;}\">\n\t\t\t\t\t\t<div class=\"elementor-container elementor-column-gap-default\">\n\t\t\t\t\t<div class=\"elementor-column elementor-col-50 elementor-top-column elementor-element elementor-element-0d9e8fe\" data-id=\"0d9e8fe\" data-element_type=\"column\" data-e-type=\"column\">\n\t\t\t<div class=\"elementor-widget-wrap elementor-element-populated\">\n\t\t\t\t\t\t<div class=\"elementor-element elementor-element-f0d09db elementor-widget elementor-widget-spacer\" data-id=\"f0d09db\" data-element_type=\"widget\" data-e-type=\"widget\" data-widget_type=\"spacer.default\">\n\t\t\t\t<div class=\"elementor-widget-container\">\n\t\t\t\t\t\t\t<div class=\"elementor-spacer\">\n\t\t\t<div class=\"elementor-spacer-inner\"><\/div>\n\t\t<\/div>\n\t\t\t\t\t\t<\/div>\n\t\t\t\t<\/div>\n\t\t\t\t<div class=\"elementor-element elementor-element-62550db elementor-widget elementor-widget-spacer\" data-id=\"62550db\" data-element_type=\"widget\" data-e-type=\"widget\" data-widget_type=\"spacer.default\">\n\t\t\t\t<div class=\"elementor-widget-container\">\n\t\t\t\t\t\t\t<div class=\"elementor-spacer\">\n\t\t\t<div class=\"elementor-spacer-inner\"><\/div>\n\t\t<\/div>\n\t\t\t\t\t\t<\/div>\n\t\t\t\t<\/div>\n\t\t\t\t<div class=\"elementor-element elementor-element-d363022 elementor-widget elementor-widget-spacer\" data-id=\"d363022\" data-element_type=\"widget\" data-e-type=\"widget\" data-widget_type=\"spacer.default\">\n\t\t\t\t<div class=\"elementor-widget-container\">\n\t\t\t\t\t\t\t<div class=\"elementor-spacer\">\n\t\t\t<div class=\"elementor-spacer-inner\"><\/div>\n\t\t<\/div>\n\t\t\t\t\t\t<\/div>\n\t\t\t\t<\/div>\n\t\t\t\t<div class=\"elementor-element elementor-element-4f927d1 elementor-widget elementor-widget-image\" data-id=\"4f927d1\" data-element_type=\"widget\" data-e-type=\"widget\" data-widget_type=\"image.default\">\n\t\t\t\t<div class=\"elementor-widget-container\">\n\t\t\t\t\t\t\t\t\t\t\t\t\t\t\t<img fetchpriority=\"high\" decoding=\"async\" width=\"200\" height=\"300\" src=\"https:\/\/miransol.ca\/wp-content\/uploads\/Miransol-3554-Caroline-200x300.jpg\" class=\"attachment-medium size-medium wp-image-3409\" alt=\"\" srcset=\"https:\/\/miransol.ca\/wp-content\/uploads\/Miransol-3554-Caroline-200x300.jpg 200w, https:\/\/miransol.ca\/wp-content\/uploads\/Miransol-3554-Caroline-768x1151.jpg 768w, https:\/\/miransol.ca\/wp-content\/uploads\/Miransol-3554-Caroline-684x1024.jpg 684w, https:\/\/miransol.ca\/wp-content\/uploads\/Miransol-3554-Caroline-600x899.jpg 600w, https:\/\/miransol.ca\/wp-content\/uploads\/Miransol-3554-Caroline.jpg 1367w\" sizes=\"(max-width: 200px) 100vw, 200px\" \/>\t\t\t\t\t\t\t\t\t\t\t\t\t\t\t<\/div>\n\t\t\t\t<\/div>\n\t\t\t\t<div class=\"elementor-element elementor-element-6a3f27b elementor-widget elementor-widget-text-editor\" data-id=\"6a3f27b\" data-element_type=\"widget\" data-e-type=\"widget\" data-widget_type=\"text-editor.default\">\n\t\t\t\t<div class=\"elementor-widget-container\">\n\t\t\t\t\t\t\t\t\t<p>Caroline Bessette<\/p>\t\t\t\t\t\t\t\t<\/div>\n\t\t\t\t<\/div>\n\t\t\t\t<div class=\"elementor-element elementor-element-b33eefc elementor-widget elementor-widget-heading\" data-id=\"b33eefc\" data-element_type=\"widget\" data-e-type=\"widget\" data-widget_type=\"heading.default\">\n\t\t\t\t<div class=\"elementor-widget-container\">\n\t\t\t\t\t<div class=\"elementor-heading-title elementor-size-default\">Piano \/ \u00c9veil musical<\/div>\t\t\t\t<\/div>\n\t\t\t\t<\/div>\n\t\t\t\t\t<\/div>\n\t\t<\/div>\n\t\t\t\t<div class=\"elementor-column elementor-col-50 elementor-top-column elementor-element elementor-element-208c577\" data-id=\"208c577\" data-element_type=\"column\" data-e-type=\"column\">\n\t\t\t<div class=\"elementor-widget-wrap elementor-element-populated\">\n\t\t\t\t\t\t<div class=\"elementor-element elementor-element-1094e00 elementor-widget elementor-widget-spacer\" data-id=\"1094e00\" data-element_type=\"widget\" data-e-type=\"widget\" data-widget_type=\"spacer.default\">\n\t\t\t\t<div class=\"elementor-widget-container\">\n\t\t\t\t\t\t\t<div class=\"elementor-spacer\">\n\t\t\t<div class=\"elementor-spacer-inner\"><\/div>\n\t\t<\/div>\n\t\t\t\t\t\t<\/div>\n\t\t\t\t<\/div>\n\t\t\t\t<div class=\"elementor-element elementor-element-68210d2 elementor-widget elementor-widget-spacer\" data-id=\"68210d2\" data-element_type=\"widget\" data-e-type=\"widget\" data-widget_type=\"spacer.default\">\n\t\t\t\t<div class=\"elementor-widget-container\">\n\t\t\t\t\t\t\t<div class=\"elementor-spacer\">\n\t\t\t<div class=\"elementor-spacer-inner\"><\/div>\n\t\t<\/div>\n\t\t\t\t\t\t<\/div>\n\t\t\t\t<\/div>\n\t\t\t\t<div class=\"elementor-element elementor-element-c41ee73 elementor-widget elementor-widget-spacer\" data-id=\"c41ee73\" data-element_type=\"widget\" data-e-type=\"widget\" data-widget_type=\"spacer.default\">\n\t\t\t\t<div class=\"elementor-widget-container\">\n\t\t\t\t\t\t\t<div class=\"elementor-spacer\">\n\t\t\t<div class=\"elementor-spacer-inner\"><\/div>\n\t\t<\/div>\n\t\t\t\t\t\t<\/div>\n\t\t\t\t<\/div>\n\t\t\t\t<div class=\"elementor-element elementor-element-8517b5e elementor-widget elementor-widget-text-editor\" data-id=\"8517b5e\" data-element_type=\"widget\" data-e-type=\"widget\" data-widget_type=\"text-editor.default\">\n\t\t\t\t<div class=\"elementor-widget-container\">\n\t\t\t\t\t\t\t\t\t<p><span style=\"caret-color: rgb(248, 241, 241); color: rgb(248, 241, 241); font-size: 18px; font-style: normal; text-align: justify;\">Ayant pour r\u00eave d\u2019habiter en Gasp\u00e9sie, Caroline s\u2019est r\u00e9cemment \u00e9tablie \u00e0 Sainte-Anne-Des-Monts. Passionn\u00e9e de musique depuis qu\u2019elle est toute petite, elle a commenc\u00e9 le piano classique \u00e0 l\u2019\u00e2ge de 7 ans.&nbsp;<\/span><br><\/p>\n<p style=\"font-size: 18px; font-style: normal; caret-color: #f8f1f1; color: #f8f1f1; text-align: justify;\"><span style=\"font-size: 18px;\">Caroline a compl\u00e9t\u00e9 7 ann\u00e9es \u00e0 l\u2019\u00e9cole de musique de Vincent d\u2019Indy avant de se consacrer \u00e0 ses \u00e9tudes en orientation. Le retour en musique pour enseigner s\u2019est fait par passion pour la musique et le contact avec les jeunes.<\/span><\/p>\t\t\t\t\t\t\t\t<\/div>\n\t\t\t\t<\/div>\n\t\t\t\t\t<\/div>\n\t\t<\/div>\n\t\t\t\t\t<\/div>\n\t\t<\/section>\n\t\t\t\t<section class=\"elementor-section elementor-top-section elementor-element elementor-element-2d08f9e elementor-section-boxed elementor-section-height-default elementor-section-height-default\" data-id=\"2d08f9e\" data-element_type=\"section\" data-e-type=\"section\" data-settings=\"{&quot;background_background&quot;:&quot;classic&quot;}\">\n\t\t\t\t\t\t<div class=\"elementor-container elementor-column-gap-default\">\n\t\t\t\t\t<div class=\"elementor-column elementor-col-100 elementor-top-column elementor-element elementor-element-2c72f8d\" data-id=\"2c72f8d\" data-element_type=\"column\" data-e-type=\"column\">\n\t\t\t<div class=\"elementor-widget-wrap elementor-element-populated\">\n\t\t\t\t\t\t<div class=\"elementor-element elementor-element-6bb3276 elementor-widget-divider--view-line elementor-widget elementor-widget-divider\" data-id=\"6bb3276\" data-element_type=\"widget\" data-e-type=\"widget\" data-widget_type=\"divider.default\">\n\t\t\t\t<div class=\"elementor-widget-container\">\n\t\t\t\t\t\t\t<div class=\"elementor-divider\">\n\t\t\t<span class=\"elementor-divider-separator\">\n\t\t\t\t\t\t<\/span>\n\t\t<\/div>\n\t\t\t\t\t\t<\/div>\n\t\t\t\t<\/div>\n\t\t\t\t<div class=\"elementor-element elementor-element-bd9c54a elementor-widget elementor-widget-video\" data-id=\"bd9c54a\" data-element_type=\"widget\" data-e-type=\"widget\" data-settings=\"{&quot;youtube_url&quot;:&quot;https:\\\/\\\/www.youtube.com\\\/watch?v=gZgj5HZF_s0&quot;,&quot;video_type&quot;:&quot;youtube&quot;,&quot;controls&quot;:&quot;yes&quot;}\" data-widget_type=\"video.default\">\n\t\t\t\t<div class=\"elementor-widget-container\">\n\t\t\t\t\t\t\t<div class=\"elementor-wrapper elementor-open-inline\">\n\t\t\t<div class=\"elementor-video\"><\/div>\t\t<\/div>\n\t\t\t\t\t\t<\/div>\n\t\t\t\t<\/div>\n\t\t\t\t\t<\/div>\n\t\t<\/div>\n\t\t\t\t\t<\/div>\n\t\t<\/section>\n\t\t\t\t<\/div>","protected":false},"excerpt":{"rendered":"<p>Caroline Bessette Piano \/ \u00c9veil musical Ayant pour r\u00eave d\u2019habiter en Gasp\u00e9sie, Caroline s\u2019est r\u00e9cemment \u00e9tablie \u00e0 Sainte-Anne-Des-Monts. Passionn\u00e9e de musique depuis qu\u2019elle est toute petite, elle a commenc\u00e9 le piano classique \u00e0 l\u2019\u00e2ge de 7 ans.&nbsp; Caroline a compl\u00e9t\u00e9 7 ann\u00e9es \u00e0 l\u2019\u00e9cole de musique de Vincent d\u2019Indy avant de se consacrer \u00e0 ses [&hellip;]<\/p>\n","protected":false},"author":4,"featured_media":0,"parent":0,"menu_order":0,"comment_status":"closed","ping_status":"closed","template":"","meta":{"_acf_changed":false,"_seopress_robots_primary_cat":"","_seopress_titles_title":"","_seopress_titles_desc":"","_seopress_robots_index":"","site-sidebar-layout":"no-sidebar","site-content-layout":"page-builder","ast-site-content-layout":"full-width-container","site-content-style":"default","site-sidebar-style":"default","ast-global-header-display":"","ast-banner-title-visibility":"","ast-main-header-display":"","ast-hfb-above-header-display":"","ast-hfb-below-header-display":"","ast-hfb-mobile-header-display":"","site-post-title":"","ast-breadcrumbs-content":"","ast-featured-img":"disabled","footer-sml-layout":"","ast-disable-related-posts":"","theme-transparent-header-meta":"","adv-header-id-meta":"","stick-header-meta":"","header-above-stick-meta":"","header-main-stick-meta":"","header-below-stick-meta":"","astra-migrate-meta-layouts":"set","ast-page-background-enabled":"default","ast-page-background-meta":{"desktop":{"background-color":"","background-image":"","background-repeat":"repeat","background-position":"center center","background-size":"auto","background-attachment":"scroll","background-type":"","background-media":"","overlay-type":"","overlay-color":"","overlay-opacity":"","overlay-gradient":""},"tablet":{"background-color":"","background-image":"","background-repeat":"repeat","background-position":"center center","background-size":"auto","background-attachment":"scroll","background-type":"","background-media":"","overlay-type":"","overlay-color":"","overlay-opacity":"","overlay-gradient":""},"mobile":{"background-color":"","background-image":"","background-repeat":"repeat","background-position":"center center","background-size":"auto","background-attachment":"scroll","background-type":"","background-media":"","overlay-type":"","overlay-color":"","overlay-opacity":"","overlay-gradient":""}},"ast-content-background-meta":{"desktop":{"background-color":"var(--ast-global-color-5)","background-image":"","background-repeat":"repeat","background-position":"center center","background-size":"auto","background-attachment":"scroll","background-type":"","background-media":"","overlay-type":"","overlay-color":"","overlay-opacity":"","overlay-gradient":""},"tablet":{"background-color":"var(--ast-global-color-5)","background-image":"","background-repeat":"repeat","background-position":"center center","background-size":"auto","background-attachment":"scroll","background-type":"","background-media":"","overlay-type":"","overlay-color":"","overlay-opacity":"","overlay-gradient":""},"mobile":{"background-color":"var(--ast-global-color-5)","background-image":"","background-repeat":"repeat","background-position":"center center","background-size":"auto","background-attachment":"scroll","background-type":"","background-media":"","overlay-type":"","overlay-color":"","overlay-opacity":"","overlay-gradient":""}},"footnotes":""},"class_list":["post-9848","page","type-page","status-publish","hentry"],"acf":[],"_links":{"self":[{"href":"https:\/\/miransol.ca\/en\/wp-json\/wp\/v2\/pages\/9848","targetHints":{"allow":["GET"]}}],"collection":[{"href":"https:\/\/miransol.ca\/en\/wp-json\/wp\/v2\/pages"}],"about":[{"href":"https:\/\/miransol.ca\/en\/wp-json\/wp\/v2\/types\/page"}],"author":[{"embeddable":true,"href":"https:\/\/miransol.ca\/en\/wp-json\/wp\/v2\/users\/4"}],"replies":[{"embeddable":true,"href":"https:\/\/miransol.ca\/en\/wp-json\/wp\/v2\/comments?post=9848"}],"version-history":[{"count":0,"href":"https:\/\/miransol.ca\/en\/wp-json\/wp\/v2\/pages\/9848\/revisions"}],"wp:attachment":[{"href":"https:\/\/miransol.ca\/en\/wp-json\/wp\/v2\/media?parent=9848"}],"curies":[{"name":"wp","href":"https:\/\/api.w.org\/{rel}","templated":true}]}}