{"id":9860,"date":"2025-08-04T21:34:06","date_gmt":"2025-08-05T01:34:06","guid":{"rendered":"https:\/\/miransol.ca\/?page_id=9860"},"modified":"2025-08-12T21:14:08","modified_gmt":"2025-08-13T01:14:08","slug":"elementor-9860","status":"publish","type":"page","link":"https:\/\/miransol.ca\/en\/elementor-9860","title":{"rendered":"Elementor #9860"},"content":{"rendered":"<div data-elementor-type=\"wp-page\" data-elementor-id=\"9860\" class=\"elementor elementor-9860\" data-elementor-post-type=\"page\">\n\t\t\t\t\t\t<section class=\"elementor-section elementor-top-section elementor-element elementor-element-4afba1f elementor-section-boxed elementor-section-height-default elementor-section-height-default\" data-id=\"4afba1f\" data-element_type=\"section\" data-e-type=\"section\" data-settings=\"{&quot;background_background&quot;:&quot;classic&quot;}\">\n\t\t\t\t\t\t<div class=\"elementor-container elementor-column-gap-default\">\n\t\t\t\t\t<div class=\"elementor-column elementor-col-100 elementor-top-column elementor-element elementor-element-ad25605\" data-id=\"ad25605\" data-element_type=\"column\" data-e-type=\"column\">\n\t\t\t<div class=\"elementor-widget-wrap elementor-element-populated\">\n\t\t\t\t\t\t<div class=\"elementor-element elementor-element-a94d61d elementor-widget-divider--view-line elementor-widget elementor-widget-divider\" data-id=\"a94d61d\" data-element_type=\"widget\" data-e-type=\"widget\" data-widget_type=\"divider.default\">\n\t\t\t\t<div class=\"elementor-widget-container\">\n\t\t\t\t\t\t\t<div class=\"elementor-divider\">\n\t\t\t<span class=\"elementor-divider-separator\">\n\t\t\t\t\t\t<\/span>\n\t\t<\/div>\n\t\t\t\t\t\t<\/div>\n\t\t\t\t<\/div>\n\t\t\t\t<div class=\"elementor-element elementor-element-efb7d8a elementor-widget-divider--view-line elementor-widget elementor-widget-divider\" data-id=\"efb7d8a\" data-element_type=\"widget\" data-e-type=\"widget\" data-widget_type=\"divider.default\">\n\t\t\t\t<div class=\"elementor-widget-container\">\n\t\t\t\t\t\t\t<div class=\"elementor-divider\">\n\t\t\t<span class=\"elementor-divider-separator\">\n\t\t\t\t\t\t<\/span>\n\t\t<\/div>\n\t\t\t\t\t\t<\/div>\n\t\t\t\t<\/div>\n\t\t\t\t<div class=\"elementor-element elementor-element-556b040 elementor-widget elementor-widget-spacer\" data-id=\"556b040\" data-element_type=\"widget\" data-e-type=\"widget\" data-widget_type=\"spacer.default\">\n\t\t\t\t<div class=\"elementor-widget-container\">\n\t\t\t\t\t\t\t<div class=\"elementor-spacer\">\n\t\t\t<div class=\"elementor-spacer-inner\"><\/div>\n\t\t<\/div>\n\t\t\t\t\t\t<\/div>\n\t\t\t\t<\/div>\n\t\t\t\t<div class=\"elementor-element elementor-element-1e9d83a elementor-widget elementor-widget-image\" data-id=\"1e9d83a\" data-element_type=\"widget\" data-e-type=\"widget\" data-widget_type=\"image.default\">\n\t\t\t\t<div class=\"elementor-widget-container\">\n\t\t\t\t\t\t\t\t\t\t\t\t\t\t\t<img fetchpriority=\"high\" decoding=\"async\" width=\"191\" height=\"300\" src=\"https:\/\/miransol.ca\/wp-content\/uploads\/Marilou-Landry_photo_2024-e1754531025561-191x300.jpg\" class=\"attachment-medium size-medium wp-image-9077\" alt=\"\" srcset=\"https:\/\/miransol.ca\/wp-content\/uploads\/Marilou-Landry_photo_2024-e1754531025561-191x300.jpg 191w, https:\/\/miransol.ca\/wp-content\/uploads\/Marilou-Landry_photo_2024-e1754531025561-654x1024.jpg 654w, https:\/\/miransol.ca\/wp-content\/uploads\/Marilou-Landry_photo_2024-e1754531025561-768x1203.jpg 768w, https:\/\/miransol.ca\/wp-content\/uploads\/Marilou-Landry_photo_2024-e1754531025561-980x1536.jpg 980w, https:\/\/miransol.ca\/wp-content\/uploads\/Marilou-Landry_photo_2024-e1754531025561.jpg 1307w\" sizes=\"(max-width: 191px) 100vw, 191px\" \/>\t\t\t\t\t\t\t\t\t\t\t\t\t\t\t<\/div>\n\t\t\t\t<\/div>\n\t\t\t\t<div class=\"elementor-element elementor-element-58561ce elementor-widget elementor-widget-text-editor\" data-id=\"58561ce\" data-element_type=\"widget\" data-e-type=\"widget\" data-widget_type=\"text-editor.default\">\n\t\t\t\t<div class=\"elementor-widget-container\">\n\t\t\t\t\t\t\t\t\t<h3 class=\"elementor-heading-title elementor-size-medium elementor-inline-editing pen\" style=\"font-size: 19px; font-style: normal; margin-bottom: 0px; outline-color: currentcolor; outline-style: none; color: #fcf9f9;\" data-elementor-setting-key=\"title\" data-pen-placeholder=\"\u00c9crivez ici...\">MARILOU LANDRY<\/h3>\t\t\t\t\t\t\t\t<\/div>\n\t\t\t\t<\/div>\n\t\t\t\t<div class=\"elementor-element elementor-element-4304755 elementor-widget-divider--view-line elementor-widget elementor-widget-divider\" data-id=\"4304755\" data-element_type=\"widget\" data-e-type=\"widget\" data-widget_type=\"divider.default\">\n\t\t\t\t<div class=\"elementor-widget-container\">\n\t\t\t\t\t\t\t<div class=\"elementor-divider\">\n\t\t\t<span class=\"elementor-divider-separator\">\n\t\t\t\t\t\t<\/span>\n\t\t<\/div>\n\t\t\t\t\t\t<\/div>\n\t\t\t\t<\/div>\n\t\t\t\t<div class=\"elementor-element elementor-element-6796f4a elementor-widget elementor-widget-text-editor\" data-id=\"6796f4a\" data-element_type=\"widget\" data-e-type=\"widget\" data-widget_type=\"text-editor.default\">\n\t\t\t\t<div class=\"elementor-widget-container\">\n\t\t\t\t\t\t\t\t\t<p><span style=\"text-decoration: underline;\"><strong>Basse et chant pop-rock alternatif \/ Piano et guitare (d\u00e9butant) \/ Arrangements et pr\u00e9sent sc\u00e9nique<\/strong><\/span><\/p><p>Native de Cap-Chat, Marilou a grandi dans une famille de musiciens. Au secondaire, elle apprend la guitare de fa\u00e7on autodidacte et commence \u00e0 composer ses propres chansons. Elle se professionnalise en faisant l&rsquo;\u00c9cole de la chanson de Granby, dont elle obtient son dipl\u00f4me en 2018 avant de retourner aux \u00e9tudes en enseignement. Elle est passionn\u00e9e de punk-rock, de musique r\u00e9tro, de pop et de musique qu\u00e9b\u00e9coise. Maintenant multi-instrumentiste, cette auteur-compositeure-interpr\u00e8te approche la musique par le plaisir et porte beaucoup d&rsquo;importance \u00e0 l&rsquo;\u00e9motivit\u00e9 des pi\u00e8ces et \u00e0 la pr\u00e9sence sur sc\u00e8ne.<\/p>\t\t\t\t\t\t\t\t<\/div>\n\t\t\t\t<\/div>\n\t\t\t\t\t<\/div>\n\t\t<\/div>\n\t\t\t\t\t<\/div>\n\t\t<\/section>\n\t\t\t\t<\/div>","protected":false},"excerpt":{"rendered":"<p>MARILOU LANDRY Basse et chant pop-rock alternatif \/ Piano et guitare (d\u00e9butant) \/ Arrangements et pr\u00e9sent sc\u00e9nique Native de Cap-Chat, Marilou a grandi dans une famille de musiciens. Au secondaire, elle apprend la guitare de fa\u00e7on autodidacte et commence \u00e0 composer ses propres chansons. Elle se professionnalise en faisant l&rsquo;\u00c9cole de la chanson de Granby, [&hellip;]<\/p>\n","protected":false},"author":4,"featured_media":0,"parent":0,"menu_order":0,"comment_status":"closed","ping_status":"closed","template":"","meta":{"_acf_changed":false,"_seopress_robots_primary_cat":"","_seopress_titles_title":"","_seopress_titles_desc":"","_seopress_robots_index":"","site-sidebar-layout":"no-sidebar","site-content-layout":"page-builder","ast-site-content-layout":"full-width-container","site-content-style":"default","site-sidebar-style":"default","ast-global-header-display":"","ast-banner-title-visibility":"","ast-main-header-display":"","ast-hfb-above-header-display":"","ast-hfb-below-header-display":"","ast-hfb-mobile-header-display":"","site-post-title":"","ast-breadcrumbs-content":"","ast-featured-img":"disabled","footer-sml-layout":"","ast-disable-related-posts":"","theme-transparent-header-meta":"","adv-header-id-meta":"","stick-header-meta":"","header-above-stick-meta":"","header-main-stick-meta":"","header-below-stick-meta":"","astra-migrate-meta-layouts":"set","ast-page-background-enabled":"default","ast-page-background-meta":{"desktop":{"background-color":"","background-image":"","background-repeat":"repeat","background-position":"center center","background-size":"auto","background-attachment":"scroll","background-type":"","background-media":"","overlay-type":"","overlay-color":"","overlay-opacity":"","overlay-gradient":""},"tablet":{"background-color":"","background-image":"","background-repeat":"repeat","background-position":"center center","background-size":"auto","background-attachment":"scroll","background-type":"","background-media":"","overlay-type":"","overlay-color":"","overlay-opacity":"","overlay-gradient":""},"mobile":{"background-color":"","background-image":"","background-repeat":"repeat","background-position":"center center","background-size":"auto","background-attachment":"scroll","background-type":"","background-media":"","overlay-type":"","overlay-color":"","overlay-opacity":"","overlay-gradient":""}},"ast-content-background-meta":{"desktop":{"background-color":"var(--ast-global-color-5)","background-image":"","background-repeat":"repeat","background-position":"center center","background-size":"auto","background-attachment":"scroll","background-type":"","background-media":"","overlay-type":"","overlay-color":"","overlay-opacity":"","overlay-gradient":""},"tablet":{"background-color":"var(--ast-global-color-5)","background-image":"","background-repeat":"repeat","background-position":"center center","background-size":"auto","background-attachment":"scroll","background-type":"","background-media":"","overlay-type":"","overlay-color":"","overlay-opacity":"","overlay-gradient":""},"mobile":{"background-color":"var(--ast-global-color-5)","background-image":"","background-repeat":"repeat","background-position":"center center","background-size":"auto","background-attachment":"scroll","background-type":"","background-media":"","overlay-type":"","overlay-color":"","overlay-opacity":"","overlay-gradient":""}},"footnotes":""},"class_list":["post-9860","page","type-page","status-publish","hentry"],"acf":[],"_links":{"self":[{"href":"https:\/\/miransol.ca\/en\/wp-json\/wp\/v2\/pages\/9860","targetHints":{"allow":["GET"]}}],"collection":[{"href":"https:\/\/miransol.ca\/en\/wp-json\/wp\/v2\/pages"}],"about":[{"href":"https:\/\/miransol.ca\/en\/wp-json\/wp\/v2\/types\/page"}],"author":[{"embeddable":true,"href":"https:\/\/miransol.ca\/en\/wp-json\/wp\/v2\/users\/4"}],"replies":[{"embeddable":true,"href":"https:\/\/miransol.ca\/en\/wp-json\/wp\/v2\/comments?post=9860"}],"version-history":[{"count":0,"href":"https:\/\/miransol.ca\/en\/wp-json\/wp\/v2\/pages\/9860\/revisions"}],"wp:attachment":[{"href":"https:\/\/miransol.ca\/en\/wp-json\/wp\/v2\/media?parent=9860"}],"curies":[{"name":"wp","href":"https:\/\/api.w.org\/{rel}","templated":true}]}}